{"id":61,"date":"2013-08-19T17:58:44","date_gmt":"2013-08-19T16:58:44","guid":{"rendered":"http:\/\/www.miss-sophie.org\/?page_id=61"},"modified":"2026-02-05T17:39:30","modified_gmt":"2026-02-05T16:39:30","slug":"neue-heimstatt","status":"publish","type":"page","link":"https:\/\/www.miss-sophie.org\/?page_id=61","title":{"rendered":"Neue Heimstatt"},"content":{"rendered":"<p><strong>Blut, Schwei\u00df und Tr\u00e4nen<\/strong><\/p>\n<p align=\"justify\"><a href=\"https:\/\/www.miss-sophie.org\/wp-content\/uploads\/2013\/08\/halle_00_180.jpg\"><img loading=\"lazy\" decoding=\"async\" style=\"background-image: none; float: right; padding-top: 0px; padding-left: 0px; display: inline; padding-right: 0px; border: 0px;\" title=\"halle_00_180\" src=\"https:\/\/www.miss-sophie.org\/wp-content\/uploads\/2013\/08\/halle_00_180_thumb.jpg\" alt=\"halle_00_180\" width=\"215\" height=\"170\" align=\"right\" border=\"0\" hspace=\"0\" \/><\/a>Ich traute meinen Ohren nicht. Es war eisigkalt an jenem Sonntag im April 2003. Wir standen vor der unteren Halle. Die Schneeflocken flitzten an uns vorbei. Und ausgerechnet unser vermeintlich gr\u00f6\u00dfter Skeptiker sprach mich beil\u00e4ufig an \u201eWarum baut ihr eigentlich f\u00fcr Miss Sophie keine Halle hier am Lillinghof !?!\u201c<\/p>\n<p align=\"justify\">Wir hatten 1999 schon einen Versuch gestartet. Einen Antrag gestellt um Miss Sophie am <a href=\"https:\/\/www.miss-sophie.org\/wp-content\/uploads\/2013\/08\/halle_01_180.jpg\"><img loading=\"lazy\" decoding=\"async\" style=\"background-image: none; float: left; padding-top: 0px; padding-left: 0px; display: inline; padding-right: 0px; border: 0px;\" title=\"halle_01_180\" src=\"https:\/\/www.miss-sophie.org\/wp-content\/uploads\/2013\/08\/halle_01_180_thumb.jpg\" alt=\"halle_01_180\" width=\"215\" height=\"170\" align=\"left\" border=\"0\" hspace=\"0\" \/><\/a>Lillinghof betreiben zu d\u00fcrfen. Damals kam richtig Leben in den Verein. Zwar wollte man drei verdiente Mitglieder, die treu ihre Dienste als Vorstandsmitglied, Fluglehrer, Schlepppilot, Ausbildungs- und Werkstattleiter versahen, nicht vergr\u00e4men. Andererseits steckte der Dorn, den eine B\u00fcrgerinitiative gegen Flugl\u00e4rm dem Verein eingezogen hatte, noch tief im Fleisch. Den damals geschlossenen Frieden wollte man unter gar keinen Umst\u00e4nden aufs Spiel setzen. Unsere <a href=\"https:\/\/www.miss-sophie.org\/wp-content\/uploads\/2013\/08\/halle_02_180.jpg\"><img loading=\"lazy\" decoding=\"async\" style=\"background-image: none; float: right; padding-top: 0px; padding-left: 0px; display: inline; padding-right: 0px; border: 0px;\" title=\"halle_02_180\" src=\"https:\/\/www.miss-sophie.org\/wp-content\/uploads\/2013\/08\/halle_02_180_thumb.jpg\" alt=\"halle_02_180\" width=\"215\" height=\"170\" align=\"right\" border=\"0\" hspace=\"0\" \/><\/a>ganzen Argumente wie Oldtimer, Rarit\u00e4t, Bereicherung usw. halfen nichts. Spalteten den Verein beinahe in zwei gleichgro\u00dfe Lager.<\/p>\n<p align=\"justify\">Wir hatten damals unseren Antrag nach reiflicher \u00dcberlegung zur\u00fcckgezogen. Nicht ohne unsere Konsequenzen zu ziehen.<\/p>\n<p align=\"justify\">Jetzt vier Jahre sp\u00e4ter, an diesem kalten Aprilsonntag, wird unser Weltbild schlagartig wieder gerade ger\u00fcckt. Hut ab vor soviel Courage und Schwamm dr\u00fcber \u00fcber den ganzen \u00c4rger.<\/p>\n<p align=\"justify\"><a href=\"https:\/\/www.miss-sophie.org\/wp-content\/uploads\/2013\/08\/halle_03_180.jpg\"><img loading=\"lazy\" decoding=\"async\" style=\"background-image: none; float: left; padding-top: 0px; padding-left: 0px; display: inline; padding-right: 0px; border: 0px;\" title=\"halle_03_180\" src=\"https:\/\/www.miss-sophie.org\/wp-content\/uploads\/2013\/08\/halle_03_180_thumb.jpg\" alt=\"halle_03_180\" width=\"215\" height=\"170\" align=\"left\" border=\"0\" \/><\/a>Scheinbar haben wir uns wirklich in den letzten Jahren anst\u00e4ndig aufgef\u00fchrt. Miss Sophie besuchte in dieser Zeit h\u00e4ufig den Lillinghof. Stand zu Rundfl\u00fcgen zur Verf\u00fcgung. War bei jeder Veranstaltung zugegen. Egal ob an Kindernachmittagen, Behinderten-Rundflugtagen, Fliegerfesten oder Flugtagen. Die Flugplatzbesucher hatten sie offenbar schneller ins Herz geschlossen als die Vereinsmitglieder.<\/p>\n<p align=\"justify\"><a href=\"https:\/\/www.miss-sophie.org\/wp-content\/uploads\/2013\/08\/halle_04_180.jpg\"><img loading=\"lazy\" decoding=\"async\" style=\"background-image: none; float: right; padding-top: 0px; padding-left: 0px; display: inline; padding-right: 0px; border: 0px;\" title=\"halle_04_180\" src=\"https:\/\/www.miss-sophie.org\/wp-content\/uploads\/2013\/08\/halle_04_180_thumb.jpg\" alt=\"halle_04_180\" width=\"215\" height=\"170\" align=\"right\" border=\"0\" hspace=\"0\" \/><\/a>Und so wurde unser zweiter Antrag ohne eine einzige Gegenstimmen in der Mitgliederversammlung am 13. Juni 2003 angenommen.<\/p>\n<p align=\"justify\">Dem Vorhaben stand nichts mehr im Wege. Es begann die Zeit der Konzeption der Genehmigungsantr\u00e4ge, Angebotsanfragen und Konstruktion und vieler, vieler Besprechungen.<\/p>\n<p align=\"justify\">Der Platz den uns der Verein kostenlos zur Verf\u00fcgung stellte lie\u00df eine gro\u00dfz\u00fcgige Dimensionierung zu. So konnten noch zwei<a href=\"https:\/\/www.miss-sophie.org\/wp-content\/uploads\/2013\/08\/halle_05_180.jpg\"><img loading=\"lazy\" decoding=\"async\" style=\"background-image: none; float: left; padding-top: 0px; padding-left: 0px; display: inline; padding-right: 0px; border: 0px;\" title=\"halle_05_180\" src=\"https:\/\/www.miss-sophie.org\/wp-content\/uploads\/2013\/08\/halle_05_180_thumb.jpg\" alt=\"halle_05_180\" width=\"215\" height=\"170\" align=\"left\" border=\"0\" hspace=\"0\" \/><\/a> weitere Vereinsmitglieder gewonnen werden, die Platz f\u00fcr Segelflugzeuge bzw. Motorsegler suchten. Trotzdem ist es unm\u00f6glich ein solches Projekt mit einer kleinen Truppe komplett in Eigenleistung zu bew\u00e4ltigen.<\/p>\n<p align=\"justify\">Am 2. Juli war es dann soweit. Die Erdarbeiten begannen. Die beauftragte Baufirma muss schnell und schmerzlich feststellen, dass der Boden am Lillinghof nur aus Fels und Steinen besteht. So gestaltet sich der Erdabtrag und die Schalungsarbeiten der Streifenfundamente schwieriger als angenommen. Ab 2. August, nachdem der Innenbereich geschottert und verdichtet war, geht es f\u00fcr uns dann richtig zur Sache. Innerhalb einer Woche wird die komplette Halle in Handarbeit hochgemauert. Von einer handvoll Leuten werden \u00fcber 40 Tonnen Steine bewegt, unz\u00e4hlige Schubkarren M\u00f6rtel verarbeitet, Wasser geschleppt und Ger\u00fcste montiert, versetzt und aufgestockt. Ich habe Muskeln gesp\u00fcrt von deren Existenz ich bislang keine Ahnung hatte. Schwerlich zu beschreiben was mehr Schmerzen bereitete. Der<a href=\"https:\/\/www.miss-sophie.org\/wp-content\/uploads\/2013\/08\/halle_07_180.jpg\"><img loading=\"lazy\" decoding=\"async\" style=\"background-image: none; float: right; padding-top: 0px; padding-left: 0px; display: inline; padding-right: 0px; border: 0px;\" title=\"halle_07_180\" src=\"https:\/\/www.miss-sophie.org\/wp-content\/uploads\/2013\/08\/halle_07_180_thumb.jpg\" alt=\"halle_07_180\" width=\"215\" height=\"170\" align=\"right\" border=\"0\" hspace=\"0\" \/><\/a> Muskelkater, die F\u00fc\u00dfe, die wunden Stellen an den H\u00e4nden oder der Sonnenbrand auf den Schultern. Aber es schwei\u00dft die Truppe zusammen, verh\u00e4rtet den K\u00f6rper und macht Herz und Seele weicher.<\/p>\n<p align=\"justify\">Abgesehen von zwei ambulanten Krankenhausaufenthalten, Platzwunden, einer Wadenverletzung, mehrerer Sch\u00fcrfwunden und einem angebrochenen Finger ist eigentlich nichts Schlimmeres passiert.<a href=\"https:\/\/www.miss-sophie.org\/wp-content\/uploads\/2013\/08\/halle_08_180.jpg\"><img loading=\"lazy\" decoding=\"async\" style=\"background-image: none; float: left; padding-top: 0px; padding-left: 0px; display: inline; padding-right: 0px; border: 0px;\" title=\"halle_08_180\" src=\"https:\/\/www.miss-sophie.org\/wp-content\/uploads\/2013\/08\/halle_08_180_thumb.jpg\" alt=\"halle_08_180\" width=\"215\" height=\"170\" align=\"left\" border=\"0\" hspace=\"0\" \/><\/a><\/p>\n<p align=\"justify\">Drei Wochen hatten wir f\u00fcr Mauerarbeiten angesetzt. Nach einer Woche war alles erledigt! Die nachfolgenden Arbeiten verz\u00f6gerten sich etwas, weil niemand von der Baufirma geglaubt hatte, dass wir innerhalb dieser kurzen Zeit mit dem Mauern fertig w\u00fcrden.<\/p>\n<p align=\"justify\">Bis Ende August wurden die Betonpfeiler und der Ringanker fertig gestellt.\u00a0 Der Zimmermann konnte termingerecht am 30. August mit seiner Arbeit beginnen. Die vormontierten Binder <a href=\"https:\/\/www.miss-sophie.org\/wp-content\/uploads\/2013\/08\/halle_09_180.jpg\"><img loading=\"lazy\" decoding=\"async\" style=\"background-image: none; float: right; padding-top: 0px; padding-left: 0px; display: inline; padding-right: 0px; border: 0px;\" title=\"halle_09_180\" src=\"https:\/\/www.miss-sophie.org\/wp-content\/uploads\/2013\/08\/halle_09_180_thumb.jpg\" alt=\"halle_09_180\" width=\"215\" height=\"170\" align=\"right\" border=\"0\" hspace=\"0\" \/><\/a>waren innerhalb eines Tages aufgestellt. Das Blechdach wurde zwei Tage sp\u00e4ter angeliefert und montiert. Alle Arbeiteten standen unter hohem Zeitdruck. Wollten wir doch unbedingt zum Tag der offenen T\u00fcr des Segelflug Club Lauf am 4. September fertig werden.<\/p>\n<p align=\"justify\">Es ist uns tats\u00e4chlich gelungen. In den Abendstunden des 4. September wurde im Rahmen unseres Jubil\u00e4umsflugtages das Richtfest der Miss Sophie Halle gefeiert. <a href=\"https:\/\/www.miss-sophie.org\/wp-content\/uploads\/2013\/08\/halle_10_180.jpg\"><img loading=\"lazy\" decoding=\"async\" style=\"background-image: none; float: left; padding-top: 0px; padding-left: 0px; display: inline; padding-right: 0px; border: 0px;\" title=\"halle_10_180\" src=\"https:\/\/www.miss-sophie.org\/wp-content\/uploads\/2013\/08\/halle_10_180_thumb.jpg\" alt=\"halle_10_180\" width=\"215\" height=\"170\" align=\"left\" border=\"0\" hspace=\"0\" \/><\/a>Ingrid und Linda hatten einen sch\u00f6nen Baum geschm\u00fcckt. Im Beisein vieler Vereinsmitglieder, Freunden und Oldtimer-Fliegerkameraden hielt bei einem herrlichen Sonnenuntergang der Zimmermann hoch auf dem Bauger\u00fcst den Richtspruch.<\/p>\n<p align=\"justify\">Der Sekt floss in Str\u00f6men. Von der Vorstandschaft und ganz besonders von \u2020 Wolfgang \u2020 erhielten wir sehr wertvolle und geschichtstr\u00e4chtige Geschenke bei deren \u00dcbergabe nicht nur <a href=\"https:\/\/www.miss-sophie.org\/wp-content\/uploads\/2013\/08\/halle_11_180.jpg\"><img loading=\"lazy\" decoding=\"async\" style=\"background-image: none; float: right; padding-top: 0px; padding-left: 0px; display: inline; padding-right: 0px; border: 0px;\" title=\"halle_11_180\" src=\"https:\/\/www.miss-sophie.org\/wp-content\/uploads\/2013\/08\/halle_11_180_thumb.jpg\" alt=\"halle_11_180\" width=\"215\" height=\"170\" align=\"right\" border=\"0\" hspace=\"0\" \/><\/a>bei den Beschenkten das Wasser in den Augen stand. An dieser Stelle nochmals herzlichen Dank.<\/p>\n<p align=\"justify\">Kurz nachdem sich der Trubel des Flugtages gelegt hatte ging es daran das Tor anzubauen. Eine Spezialkonstruktion aus heimischer Schlosserkunst und Hightech Verbundwerkstoffen. Ein wahres Meisterst\u00fcck und wohl einmalig in seiner Zusammenstellung. Dank an Thilo Butzbach und der hiesigen Schlosserei.<\/p>\n<p align=\"justify\">Und dann war es soweit. <a href=\"https:\/\/www.miss-sophie.org\/wp-content\/uploads\/2013\/08\/halle_12_180.jpg\"><img loading=\"lazy\" decoding=\"async\" style=\"background-image: none; float: left; padding-top: 0px; padding-left: 0px; display: inline; padding-right: 0px; border: 0px;\" title=\"halle_12_180\" src=\"https:\/\/www.miss-sophie.org\/wp-content\/uploads\/2013\/08\/halle_12_180_thumb.jpg\" alt=\"halle_12_180\" width=\"215\" height=\"170\" align=\"left\" border=\"0\" hspace=\"0\" \/><\/a>Miss Sophie wurde erstmals ihr neues Zuhause gezeigt. Richtig Majest\u00e4tisch steht sie in Ihrer neuen Behausung.<\/p>\n<p align=\"justify\">2005 geht es dann mit neuem Elan weiter mit Bodenverlegen, Verputzen und begr\u00fcnen.<\/p>\n<p align=\"justify\">Vorab schon mal ein herzliches Dankesch\u00f6n an alle Mitglieder des SFC \u2013 Lauf. Auch an alle diejenigen die L\u00e4rm, Schmutz, Flursch\u00e4den und andere Unannehmlichkeiten ohne zu Murren\u00a0 ertragen haben. Ganz besonderer Dank gilt nat\u00fcrlich den <a href=\"https:\/\/www.miss-sophie.org\/wp-content\/uploads\/2013\/08\/halle_13_180.jpg\"><img loading=\"lazy\" decoding=\"async\" style=\"background-image: none; float: right; padding-top: 0px; padding-left: 0px; display: inline; padding-right: 0px; border: 0px;\" title=\"halle_13_180\" src=\"https:\/\/www.miss-sophie.org\/wp-content\/uploads\/2013\/08\/halle_13_180_thumb.jpg\" alt=\"halle_13_180\" width=\"215\" height=\"170\" align=\"right\" border=\"0\" hspace=\"0\" \/><\/a>aktiven Helfern: \u2020Loni\u2020, \u2020Hermann\u2020, \u2020Walter\u2020, Horst, \u2020Willi\u2020, Heinz und \u2020Georg\u2020.<\/p>\n<p align=\"justify\">Ich freu mich schon auf jenen Tag an dem ich auf einer Bank vor der fertigen Halle sitze, den Sonnenuntergang genie\u00dfe und sagen kann das Blut, Schwei\u00df und Tr\u00e4nen sich gelohnt haben.<\/p>\n<p align=\"justify\"><em>Thomas<\/em><\/p>\n<p align=\"justify\">PS: Die Bilder m\u00f6gen ein bisschen den Eindruck vom Entstehen der neuen Heimstatt f\u00fcr Miss Sophie vermitteln.<\/p>\n<p align=\"center\"><a href=\"https:\/\/www.miss-sophie.org\/wp-content\/uploads\/2013\/08\/halle_14_180.jpg\"><img loading=\"lazy\" decoding=\"async\" style=\"background-image: none; padding-top: 0px; padding-left: 0px; display: inline; padding-right: 0px; border: 0px;\" title=\"halle_14_180\" src=\"https:\/\/www.miss-sophie.org\/wp-content\/uploads\/2013\/08\/halle_14_180_thumb.jpg\" alt=\"halle_14_180\" width=\"215\" height=\"170\" border=\"0\" \/><\/a><a href=\"https:\/\/www.miss-sophie.org\/wp-content\/uploads\/2013\/08\/halle_15_180.jpg\"><img loading=\"lazy\" decoding=\"async\" style=\"background-image: none; padding-top: 0px; padding-left: 0px; display: inline; padding-right: 0px; border: 0px;\" title=\"halle_15_180\" src=\"https:\/\/www.miss-sophie.org\/wp-content\/uploads\/2013\/08\/halle_15_180_thumb.jpg\" alt=\"halle_15_180\" width=\"215\" height=\"170\" border=\"0\" \/><\/a><\/p>\n<p align=\"center\"><a href=\"https:\/\/www.miss-sophie.org\/wp-content\/uploads\/2013\/08\/halle_16_180.jpg\"><img loading=\"lazy\" decoding=\"async\" style=\"background-image: none; padding-top: 0px; padding-left: 0px; display: inline; padding-right: 0px; border: 0px;\" title=\"halle_16_180\" src=\"https:\/\/www.miss-sophie.org\/wp-content\/uploads\/2013\/08\/halle_16_180_thumb.jpg\" alt=\"halle_16_180\" width=\"215\" height=\"170\" border=\"0\" \/><\/a><a href=\"https:\/\/www.miss-sophie.org\/wp-content\/uploads\/2013\/08\/halle_17_180.jpg\"><img loading=\"lazy\" decoding=\"async\" style=\"background-image: none; padding-top: 0px; padding-left: 0px; display: inline; padding-right: 0px; border: 0px;\" title=\"halle_17_180\" src=\"https:\/\/www.miss-sophie.org\/wp-content\/uploads\/2013\/08\/halle_17_180_thumb.jpg\" alt=\"halle_17_180\" width=\"215\" height=\"170\" border=\"0\" \/><\/a><\/p>\n<p align=\"center\"><a href=\"https:\/\/www.miss-sophie.org\/wp-content\/uploads\/2013\/08\/halle_18_180.jpg\"><img loading=\"lazy\" decoding=\"async\" style=\"background-image: none; padding-top: 0px; padding-left: 0px; display: inline; padding-right: 0px; border: 0px;\" title=\"halle_18_180\" src=\"https:\/\/www.miss-sophie.org\/wp-content\/uploads\/2013\/08\/halle_18_180_thumb.jpg\" alt=\"halle_18_180\" width=\"215\" height=\"170\" border=\"0\" \/><\/a><\/p>\n<p align=\"left\">uu<\/p>\n","protected":false},"excerpt":{"rendered":"<p>Blut, Schwei\u00df und Tr\u00e4nen Ich traute meinen Ohren nicht. Es war eisigkalt an jenem Sonntag im April 2003. Wir standen vor der unteren Halle. Die Schneeflocken flitzten an uns vorbei. Und ausgerechnet unser vermeintlich gr\u00f6\u00dfter Skeptiker sprach mich beil\u00e4ufig an \u201eWarum baut ihr eigentlich f\u00fcr Miss Sophie keine Halle hier am Lillinghof !?!\u201c Wir hatten &hellip; <a class=\"read-excerpt\" href=\"https:\/\/www.miss-sophie.org\/?page_id=61\">Weiterlesen <span class=\"meta-nav\">&raquo;<\/span><\/a><\/p>\n","protected":false},"author":3,"featured_media":0,"parent":0,"menu_order":12,"comment_status":"closed","ping_status":"closed","template":"","meta":{"footnotes":""},"class_list":["post-61","page","type-page","status-publish","hentry"],"_links":{"self":[{"href":"https:\/\/www.miss-sophie.org\/index.php?rest_route=\/wp\/v2\/pages\/61","targetHints":{"allow":["GET"]}}],"collection":[{"href":"https:\/\/www.miss-sophie.org\/index.php?rest_route=\/wp\/v2\/pages"}],"about":[{"href":"https:\/\/www.miss-sophie.org\/index.php?rest_route=\/wp\/v2\/types\/page"}],"author":[{"embeddable":true,"href":"https:\/\/www.miss-sophie.org\/index.php?rest_route=\/wp\/v2\/users\/3"}],"replies":[{"embeddable":true,"href":"https:\/\/www.miss-sophie.org\/index.php?rest_route=%2Fwp%2Fv2%2Fcomments&post=61"}],"version-history":[{"count":7,"href":"https:\/\/www.miss-sophie.org\/index.php?rest_route=\/wp\/v2\/pages\/61\/revisions"}],"predecessor-version":[{"id":1033,"href":"https:\/\/www.miss-sophie.org\/index.php?rest_route=\/wp\/v2\/pages\/61\/revisions\/1033"}],"wp:attachment":[{"href":"https:\/\/www.miss-sophie.org\/index.php?rest_route=%2Fwp%2Fv2%2Fmedia&parent=61"}],"curies":[{"name":"wp","href":"https:\/\/api.w.org\/{rel}","templated":true}]}}