{"id":471,"date":"2015-10-07T17:01:03","date_gmt":"2015-10-07T16:01:03","guid":{"rendered":"http:\/\/www.miss-sophie.org\/?page_id=471"},"modified":"2026-02-05T17:29:27","modified_gmt":"2026-02-05T16:29:27","slug":"herbert","status":"publish","type":"page","link":"https:\/\/www.miss-sophie.org\/?page_id=471","title":{"rendered":"Herbert"},"content":{"rendered":"<p><a href=\"https:\/\/www.miss-sophie.org\/wp-content\/uploads\/2015\/10\/Herbert.jpg\">\u00a0<\/a><\/p>\n<p style=\"text-align: center;\"><strong><em>Unser guter Freund und Partner Herbert Schmidt ist am 30. August 2015 bei einem tragischen Flugzeugabsturz in \u00d6sterreich ums Leben gekommen. Wir, seine Partner sind ersch\u00fcttert und tief traurig. Er hinterl\u00e4sst Frau und zwei Kinder und eine L\u00fccke die nicht zu schlie\u00dfen ist.<\/em><\/strong><\/p>\n<p style=\"text-align: justify;\"><a href=\"https:\/\/www.miss-sophie.org\/wp-content\/uploads\/2015\/10\/IMG_5859a.jpg\"><img loading=\"lazy\" decoding=\"async\" class=\"wp-image-480 alignleft\" src=\"https:\/\/www.miss-sophie.org\/wp-content\/uploads\/2015\/10\/IMG_5859a-234x300.jpg\" alt=\"IMG_5859a\" width=\"164\" height=\"211\" srcset=\"https:\/\/www.miss-sophie.org\/wp-content\/uploads\/2015\/10\/IMG_5859a-234x300.jpg 234w, https:\/\/www.miss-sophie.org\/wp-content\/uploads\/2015\/10\/IMG_5859a.jpg 736w\" sizes=\"auto, (max-width: 164px) 100vw, 164px\" \/><\/a>Herbert kam im September 1980 als damals 16 J\u00e4hriger zum Tag der offenen T\u00fcr zum Flugplatz Lillinghof und erkundigte sich \u00fcber die Fliegerei. Eigentlich wollte er Gleitschirmfliegen lernen. Die Laufer Segelflieger konnten ihn aber \u00fcberzeugen, dass der Weg in die Fliegerei &#8211; sein Ziel war schon damals Berufspilot zu werden &#8211; besser \u00fcber das Segelfliegen gelingt. So entschloss er sich, am Lillinghof mit dem Segelflug anzufangen.<\/p>\n<ol style=\"text-align: justify;\" start=\"3\">\n<li>Juni 1981: Offizielle Aufnahme in den Segelflug Club Lauf e.V.<\/li>\n<li>Juli 1981: Sein erster Alleinflug. Die sogenannte A-Pr\u00fcfung.<\/li>\n<\/ol>\n<p style=\"text-align: justify;\">W\u00e4hrend des Pfingstfluglagers 1983 gewann er mit einer \u00fcberw\u00e4ltigenden Flugzeit von \u00fcber 8 Stunden den Sch\u00fclerwettbewerb!<\/p>\n<ol style=\"text-align: justify;\" start=\"13\">\n<li>Juli 1984: Luftfahrerschein f\u00fcr Segelflug. PPL C<\/li>\n<li>Februar 1992: Luftfahrerschein f\u00fcr Motorflug PPL A dann ATPL<\/li>\n<li>August 1998: Gemeinsamer Kauf unseres englischen Doppeldeckers, Miss Sophie. Mit diesem Flugzeug ist Herbert zusammen mit uns und auch mit Antje nach Ungarn, \u00fcber die Alpen nach Italien, mehrmals nach England und in seine Wahlheimat K\u00e4rnten geflogen.<\/li>\n<\/ol>\n<p>16. August 2000: Luftfahrerschein f\u00fcr Ultraleichtflugzeuge. UL<\/p>\n<p style=\"text-align: justify;\">Um seinen Berufspilotenschein finanzieren zu k\u00f6nnen, arbeitete er zwei Jahre bei der Flugschule Str\u00f6\u00dfenreuther als Mechaniker. Er wollte eine Fluggesellschaft gr\u00fcnden, hatte den Namen \u201eWings of Europe\u201c daf\u00fcr kreiert und suchte Flugbegleiterinnen. Dabei lernte er Antje, seine sp\u00e4tere Frau kennen. Das Projekt \u201eFluggesellschaft\u201c konnte nicht durchgef\u00fchrt werden, aber er fand seine gro\u00dfe Liebe und eine Stelle als Pilot bei einer N\u00fcrnberger Lebkuchen-Firma. 2003\/04 suchte er eine neue Herausforderung und bekam eine Stelle als Privatjet-Pilot bei einer sehr verm\u00f6genden Familie angeboten, die er sofort annahm. Zuerst in D\u00fcsseldorf stationiert verlagerte sich sp\u00e4ter sein beruflicher Lebensmittelpunkt nach Klagenfurt in \u00d6sterreich.<\/p>\n<p style=\"text-align: justify;\">Der Lillinghof blieb aber all die Jahre immer seine fliegerische Heimat \u2013 hier f\u00fchlte er sich im Kreis seiner Fliegerkameraden und Freunden besonders wohl. Mit seinem fr\u00f6hlichen und unkomplizierten Verhalten war er immer gern gesehen und meist auch ungew\u00f6hnlichen Sp\u00e4\u00dfen aufgelegt.<\/p>\n<p style=\"text-align: justify;\">Nie werden wir den Verlust ganz begreifen, werden Herbert nie vergessen und in seinem Sinn unseren gemeinsamen Traum vom Fliegen fortsetzen.<\/p>\n<p>RIP Herbert, Dein Freund Thomas<\/p>\n<div id=\"attachment_474\" style=\"width: 591px\" class=\"wp-caption alignnone\"><a href=\"https:\/\/www.miss-sophie.org\/wp-content\/uploads\/2015\/10\/IMG_0047a-1.jpg\"><img loading=\"lazy\" decoding=\"async\" aria-describedby=\"caption-attachment-474\" class=\"wp-image-474\" src=\"https:\/\/www.miss-sophie.org\/wp-content\/uploads\/2015\/10\/IMG_0047a-1.jpg\" alt=\"IMG_0047a (1)\" width=\"581\" height=\"220\" \/><\/a><p id=\"caption-attachment-474\" class=\"wp-caption-text\">Fliegerischer Abschiedsgru\u00df \u00fcber dem Friedhof in Schnaittach<\/p><\/div>\n","protected":false},"excerpt":{"rendered":"<p>\u00a0 Unser guter Freund und Partner Herbert Schmidt ist am 30. August 2015 bei einem tragischen Flugzeugabsturz in \u00d6sterreich ums Leben gekommen. Wir, seine Partner sind ersch\u00fcttert und tief traurig. Er hinterl\u00e4sst Frau und zwei Kinder und eine L\u00fccke die nicht zu schlie\u00dfen ist. Herbert kam im September 1980 als damals 16 J\u00e4hriger zum Tag &hellip; <a class=\"read-excerpt\" href=\"https:\/\/www.miss-sophie.org\/?page_id=471\">Weiterlesen <span class=\"meta-nav\">&raquo;<\/span><\/a><\/p>\n","protected":false},"author":3,"featured_media":0,"parent":0,"menu_order":7,"comment_status":"closed","ping_status":"closed","template":"","meta":{"footnotes":""},"class_list":["post-471","page","type-page","status-publish","hentry"],"_links":{"self":[{"href":"https:\/\/www.miss-sophie.org\/index.php?rest_route=\/wp\/v2\/pages\/471","targetHints":{"allow":["GET"]}}],"collection":[{"href":"https:\/\/www.miss-sophie.org\/index.php?rest_route=\/wp\/v2\/pages"}],"about":[{"href":"https:\/\/www.miss-sophie.org\/index.php?rest_route=\/wp\/v2\/types\/page"}],"author":[{"embeddable":true,"href":"https:\/\/www.miss-sophie.org\/index.php?rest_route=\/wp\/v2\/users\/3"}],"replies":[{"embeddable":true,"href":"https:\/\/www.miss-sophie.org\/index.php?rest_route=%2Fwp%2Fv2%2Fcomments&post=471"}],"version-history":[{"count":5,"href":"https:\/\/www.miss-sophie.org\/index.php?rest_route=\/wp\/v2\/pages\/471\/revisions"}],"predecessor-version":[{"id":1031,"href":"https:\/\/www.miss-sophie.org\/index.php?rest_route=\/wp\/v2\/pages\/471\/revisions\/1031"}],"wp:attachment":[{"href":"https:\/\/www.miss-sophie.org\/index.php?rest_route=%2Fwp%2Fv2%2Fmedia&parent=471"}],"curies":[{"name":"wp","href":"https:\/\/api.w.org\/{rel}","templated":true}]}}