{"id":45,"date":"2013-08-19T17:00:58","date_gmt":"2013-08-19T16:00:58","guid":{"rendered":"http:\/\/www.miss-sophie.org\/?page_id=45"},"modified":"2023-04-16T11:18:31","modified_gmt":"2023-04-16T10:18:31","slug":"miss-sophies-60-geburtstag","status":"publish","type":"page","link":"https:\/\/www.miss-sophie.org\/?page_id=45","title":{"rendered":"Miss Sophies 60. Geburtstag"},"content":{"rendered":"<h5 align=\"justify\"><a href=\"https:\/\/www.miss-sophie.org\/wp-content\/uploads\/2013\/08\/schild_180.jpg\"><img loading=\"lazy\" decoding=\"async\" style=\"background-image: none; float: right; padding-top: 0px; padding-left: 0px; display: inline; padding-right: 0px; border: 0px;\" title=\"schild_180\" src=\"https:\/\/www.miss-sophie.org\/wp-content\/uploads\/2013\/08\/schild_180_thumb.jpg\" alt=\"schild_180\" width=\"215\" height=\"140\" align=\"right\" border=\"0\" hspace=\"0\" \/><\/a>Brrrrrrrrrrr&#8230; bitter kalt und regnerisch war es am 16. April 1999. An diesem Tag, genau vor 60\u00a0 Jahren, hat unsere Miss Sophie durch die Werfttore von\u00a0 Staglane in England zum ersten mal das Licht der Welt erblickt. Das Schild an den Werksmauern erinnert noch an diese Zeit. Wir, die jetzigen Besitzer, waren damals noch nicht geboren. Ja noch nicht einmal in Planung.<\/h5>\n<p align=\"justify\"><a href=\"https:\/\/www.miss-sophie.org\/wp-content\/uploads\/2013\/08\/feiern_180.jpg\"><img loading=\"lazy\" decoding=\"async\" class=\"\" style=\"background-image: none; float: left; padding-top: 0px; padding-left: 0px; display: inline; padding-right: 0px; border: 0px;\" title=\"feiern_180\" src=\"https:\/\/www.miss-sophie.org\/wp-content\/uploads\/2013\/08\/feiern_180_thumb.jpg\" alt=\"feiern_180\" width=\"292\" height=\"198\" align=\"left\" border=\"0\" hspace=\"0\" \/><\/a>Schade, dass es ausgerechnet\u00a0 am 60. Geburtstag regnen musste. Wir h\u00e4tten so gerne einen Geburtstagsflug gemacht. So fanden die Feierlichkeiten in der Halle statt. Die K\u00e4lte tat der Stimmung keinen Abbruch und so war es bei Sekt, Kaffee und Kuchen doch noch recht gem\u00fctlich.\u00a0 Da sich die Sophie nichts aus Geschenken macht wurden wir, sozusagen in Vertretung, beschenkt. Es gab eine alte lederne Reisetasche mit allerhand wichtiger Utensilien.<\/p>\n<p align=\"justify\"><a href=\"https:\/\/www.miss-sophie.org\/wp-content\/uploads\/2013\/08\/t-shirt_180.jpg\"><img loading=\"lazy\" decoding=\"async\" style=\"background-image: none; float: right; padding-top: 0px; padding-left: 0px; display: inline; padding-right: 0px; border: 0px;\" title=\"t-shirt_180\" src=\"https:\/\/www.miss-sophie.org\/wp-content\/uploads\/2013\/08\/t-shirt_180_thumb.jpg\" alt=\"t-shirt_180\" width=\"215\" height=\"169\" align=\"right\" border=\"0\" hspace=\"0\" \/><\/a>Alles was man so bei Flugreisen brauchen kann. Zum Beispiel ein paar Blatt Toilettenpapier, Streichh\u00f6lzer, ein St\u00fcck Seife, gestreifte Unterhosen und zwei L\u00fcmmelt\u00fcten. Dazu noch T-Shirts nat\u00fcrlich mit Sophieaufdruck. In weiser Voraussicht wurden gleich ein paar Shirts mehr gedruckt, die an Oldtimerfans gerne weitergegeben werden.<\/p>\n<p align=\"justify\">Die Fl\u00e4che von Alex&#8217;s Mooney musste dann auch noch als Kuchentablett herhalten. Aber so ist das eben mal, wenn \u00e4ltere M\u00e4dels Geburtstag feiern.<\/p>\n<div style=\"width: 470px\" class=\"wp-caption alignnone\"><a href=\"https:\/\/www.miss-sophie.org\/wp-content\/uploads\/2013\/08\/torte.jpg\"><img loading=\"lazy\" decoding=\"async\" style=\"background-image: none; float: none; padding-top: 0px; padding-left: 0px; margin-left: auto; display: block; padding-right: 0px; margin-right: auto; border: 0px;\" title=\"torte\" src=\"https:\/\/www.miss-sophie.org\/wp-content\/uploads\/2013\/08\/torte_thumb.jpg\" alt=\"\" width=\"460\" height=\"252\" border=\"0\" \/><\/a><p class=\"wp-caption-text\">Sophies Geburtstagstorte<\/p><\/div>\n","protected":false},"excerpt":{"rendered":"<p>Brrrrrrrrrrr&#8230; bitter kalt und regnerisch war es am 16. April 1999. An diesem Tag, genau vor 60\u00a0 Jahren, hat unsere Miss Sophie durch die Werfttore von\u00a0 Staglane in England zum ersten mal das Licht der Welt erblickt. Das Schild an den Werksmauern erinnert noch an diese Zeit. Wir, die jetzigen Besitzer, waren damals noch nicht &hellip; <a class=\"read-excerpt\" href=\"https:\/\/www.miss-sophie.org\/?page_id=45\">Weiterlesen <span class=\"meta-nav\">&raquo;<\/span><\/a><\/p>\n","protected":false},"author":3,"featured_media":0,"parent":0,"menu_order":8,"comment_status":"closed","ping_status":"closed","template":"","meta":{"footnotes":""},"class_list":["post-45","page","type-page","status-publish","hentry"],"_links":{"self":[{"href":"https:\/\/www.miss-sophie.org\/index.php?rest_route=\/wp\/v2\/pages\/45","targetHints":{"allow":["GET"]}}],"collection":[{"href":"https:\/\/www.miss-sophie.org\/index.php?rest_route=\/wp\/v2\/pages"}],"about":[{"href":"https:\/\/www.miss-sophie.org\/index.php?rest_route=\/wp\/v2\/types\/page"}],"author":[{"embeddable":true,"href":"https:\/\/www.miss-sophie.org\/index.php?rest_route=\/wp\/v2\/users\/3"}],"replies":[{"embeddable":true,"href":"https:\/\/www.miss-sophie.org\/index.php?rest_route=%2Fwp%2Fv2%2Fcomments&post=45"}],"version-history":[{"count":9,"href":"https:\/\/www.miss-sophie.org\/index.php?rest_route=\/wp\/v2\/pages\/45\/revisions"}],"predecessor-version":[{"id":854,"href":"https:\/\/www.miss-sophie.org\/index.php?rest_route=\/wp\/v2\/pages\/45\/revisions\/854"}],"wp:attachment":[{"href":"https:\/\/www.miss-sophie.org\/index.php?rest_route=%2Fwp%2Fv2%2Fmedia&parent=45"}],"curies":[{"name":"wp","href":"https:\/\/api.w.org\/{rel}","templated":true}]}}