{"id":321,"date":"2013-08-19T21:04:36","date_gmt":"2013-08-19T19:04:36","guid":{"rendered":"http:\/\/www.miss-sophie.org\/?page_id=321"},"modified":"2013-08-20T14:47:51","modified_gmt":"2013-08-20T12:47:51","slug":"woburn-international-moth-rallye","status":"publish","type":"page","link":"https:\/\/www.miss-sophie.org\/?page_id=321","title":{"rendered":"Woburn International Moth Rallye"},"content":{"rendered":"<p align=\"justify\"><a href=\"https:\/\/www.miss-sophie.org\/wp-content\/uploads\/2013\/08\/ms_flaeche1_180.jpg\"><img loading=\"lazy\" decoding=\"async\" style=\"background-image: none; float: right; padding-top: 0px; padding-left: 0px; margin: 0px 0px 0px 10px; display: inline; padding-right: 0px; border: 0px;\" title=\"ms_flaeche1_180\" alt=\"ms_flaeche1_180\" src=\"https:\/\/www.miss-sophie.org\/wp-content\/uploads\/2013\/08\/ms_flaeche1_180_thumb.jpg\" width=\"215\" height=\"159\" align=\"right\" border=\"0\" hspace=\"0\" \/><\/a>Was f\u00fcr den Gl\u00e4ubigen Lourdes, f\u00fcr den Athleten Olympia, f\u00fcr den Radler die Tour de France das ist f\u00fcr einen Mottenpiloten Woburn.<\/p>\n<p align=\"justify\">Jedes Jahr am dritten Wochenende im August laden Lord and Lady Tavistok auf ihren, mehrere Quadratkilometer gro\u00dfen, Landsitz ein. Alles was Fl\u00fcgel hat und den Namen DeHavilland tr\u00e4gt trifft sich an diesem Wochenende. \u00dcber 100 Moth Majors, Puss Moths , Jackaroos, Queen Bees, Fox Moth, Leopard Moths, Chipmunks, Moth Minors und Tiger Moths finden sich im Schlosspark ein. <a href=\"https:\/\/www.miss-sophie.org\/wp-content\/uploads\/2013\/08\/kueste_180.jpg\"><img loading=\"lazy\" decoding=\"async\" style=\"background-image: none; float: left; padding-top: 0px; padding-left: 0px; display: inline; padding-right: 0px; border: 0px;\" title=\"kueste_180\" alt=\"kueste_180\" src=\"https:\/\/www.miss-sophie.org\/wp-content\/uploads\/2013\/08\/kueste_180_thumb.jpg\" width=\"215\" height=\"158\" align=\"left\" border=\"0\" hspace=\"0\" \/><\/a>Die l\u00e4ngste Wiese wird kurzerhand zum Flugplatz umfunktioniert und ein Stahlrohrger\u00fcst dient als Tower.<\/p>\n<p align=\"justify\">Das Abenteuer beginnt aber schon bei den Vorbereitungen. Neuneinhalb Stunden im offenen Cockpit<\/p>\n<p align=\"justify\">Rosenthal, unserem Heimatplatz. In Lauf-Lillinghof wird das Gep\u00e4ck, Zelt und Schlafs\u00e4cke verstaut dann geht es weiter nach Gelnhausen bei Frankfurt. Dort haben wir uns mit Hartmut aus M\u00fcnchen verabredet.<a href=\"https:\/\/www.miss-sophie.org\/wp-content\/uploads\/2013\/08\/hangar_180.jpg\"><img loading=\"lazy\" decoding=\"async\" style=\"background-image: none; float: right; padding-top: 0px; padding-left: 0px; margin: 0px 0px 0px 10px; display: inline; padding-right: 0px; border: 0px;\" title=\"hangar_180\" alt=\"hangar_180\" src=\"https:\/\/www.miss-sophie.org\/wp-content\/uploads\/2013\/08\/hangar_180_thumb.jpg\" width=\"215\" height=\"128\" align=\"right\" border=\"0\" hspace=\"0\" \/><\/a>Er ist spontan bereit Gabi, die Frau von Manfred mitzunehmen. Mit zwei Motten geht die Reise weiter nach Aachen Merzbr\u00fcck. Martin, der mit seiner Motte bereits vorausgeeilt ist, l\u00e4sst uns \u00fcber den Flugleiter die Nachricht zukommen, dass es in Kortrejk keinen Sprit gibt. Wir entscheiden uns kurzentschlossen nach <a href=\"https:\/\/www.miss-sophie.org\/wp-content\/uploads\/2013\/08\/gruppe2_180.jpg\"><img loading=\"lazy\" decoding=\"async\" style=\"background-image: none; float: left; padding-top: 0px; padding-left: 0px; display: inline; padding-right: 0px; border: 0px;\" title=\"gruppe2_180\" alt=\"gruppe2_180\" src=\"https:\/\/www.miss-sophie.org\/wp-content\/uploads\/2013\/08\/gruppe2_180_thumb.jpg\" width=\"137\" height=\"180\" align=\"left\" border=\"0\" \/><\/a>Amougies in Belgien auszuweichen. Dort wurde \u00fcbrigens unsere Motte fotografiert und auf Seite 7 im Fliegermagazin 1\/2001 abgelichtet. In Amougies holen uns Mike und Manfred ein. Und jetzt beginnt der aufregendste Teil der Reise. Mit angelegten Schwimmwesten geht es im Dreierverband \u00fcber den Kanal nach England. F\u00fcr mich ist es die zweite Kanal\u00fcberquerung. <a href=\"https:\/\/www.miss-sophie.org\/wp-content\/uploads\/2013\/08\/sitzgr_180.jpg\"><img loading=\"lazy\" decoding=\"async\" style=\"background-image: none; float: right; padding-top: 0px; padding-left: 0px; margin: 0px 0px 0px 10px; display: inline; padding-right: 0px; border: 0px;\" title=\"sitzgr_180\" alt=\"sitzgr_180\" src=\"https:\/\/www.miss-sophie.org\/wp-content\/uploads\/2013\/08\/sitzgr_180_thumb.jpg\" width=\"180\" height=\"109\" align=\"right\" border=\"0\" \/><\/a>Profis werden bei meiner Beschreibung schmunzeln. Aber im sechzig Jahre alten Doppeldecker \u00fcbers Wasser das ist schon ein erhebendes Erlebnis. Die Spannung steigt und man sollte besser nicht dar\u00fcber nachdenken was passiert wenn jetzt der alte Motor stottert. Wenn man zu genau hinh\u00f6rt, h\u00f6rt man Ger\u00e4usche die es gar nicht gibt und der herrliche Blick hin\u00fcber zu den Kreidefelsen von Dover wird dadurch etwas getr\u00fcbt.<\/p>\n<p align=\"justify\"><a href=\"https:\/\/www.miss-sophie.org\/wp-content\/uploads\/2013\/08\/ms_flaeche2_180.jpg\"><img loading=\"lazy\" decoding=\"async\" style=\"background-image: none; float: left; padding-top: 0px; padding-left: 0px; display: inline; padding-right: 0px; border: 0px;\" title=\"ms_flaeche2_180\" alt=\"ms_flaeche2_180\" src=\"https:\/\/www.miss-sophie.org\/wp-content\/uploads\/2013\/08\/ms_flaeche2_180_thumb.jpg\" width=\"215\" height=\"129\" align=\"left\" border=\"0\" hspace=\"0\" \/><\/a>Noch einige Minuten einem Motorway nachgeflogen dann taucht links vor uns der Flugplatz Headkorn auf. Eher w\u00fcrde dort die ganze Nacht geschlichtet und einger\u00e4umt bevor nur eine Motte \u00fcber Nacht im Freien steht. Die Gastfreundschaft ist beispielhaft. Am n\u00e4chsten Morgen, nach einer Nacht mit qu\u00e4lenden Ohrensausen, beginnt der letzte Teil der Anreise. Es ist ein glasklarer Tag und wir fliegen \u00f6stlich an London vorbei. Bei der hervorragenden Sicht kann man bis ins Zentrum Londons blicken. Wie es sich geh\u00f6rt gehen wir vor der Landung noch im Verbandsflug \u00fcber den Platz. Trotz Seitenwind muss die Landung exakt klappen. Am Bahnanfang stehen Urwaldgro\u00dfe B\u00e4ume und wer zu weit kommt landet bei den Krokodielen die (angeblich) im See hausen.<\/p>\n<p align=\"justify\"><a href=\"https:\/\/www.miss-sophie.org\/wp-content\/uploads\/2013\/08\/staffel_180.jpg\"><img loading=\"lazy\" decoding=\"async\" style=\"background-image: none; float: right; padding-top: 0px; padding-left: 0px; margin: 0px 0px 0px 10px; display: inline; padding-right: 0px; border: 0px;\" title=\"staffel_180\" alt=\"staffel_180\" src=\"https:\/\/www.miss-sophie.org\/wp-content\/uploads\/2013\/08\/staffel_180_thumb.jpg\" width=\"215\" height=\"188\" align=\"right\" border=\"0\" hspace=\"0\" \/><\/a>Am Abend l\u00e4dt Lord Tavistok zum Dinner in sein Schloss ein. Smoking oder Dress im Stiel der 30er Jahre ist angesagt. Kein leichtes Unterfangen bei unserem sp\u00e4rlichen Gep\u00e4ckraum. Und so ist es recht praktisch, dass Antje und Herbert mit der Linie<\/p>\n<p align=\"justify\">nachgeflogen sind und saubere Klamotten mitgebracht haben. Nach dem Dinner und der Festrede des Vorsitzenden des Moth Club, Stuart McKay nimmt Anne de Havilland die Ehrung verdienter Mitglieder vor. Leider m\u00fcssen wir schon sehr zeitig Woburn verlassen aber der R\u00fcckweg ist weit und steckt voller Abenteuer.<\/p>\n<p align=\"justify\">Pilot: Thomas, Co: Ingrid<\/p>\n","protected":false},"excerpt":{"rendered":"<p>Was f\u00fcr den Gl\u00e4ubigen Lourdes, f\u00fcr den Athleten Olympia, f\u00fcr den Radler die Tour de France das ist f\u00fcr einen Mottenpiloten Woburn. Jedes Jahr am dritten Wochenende im August laden Lord and Lady Tavistok auf ihren, mehrere Quadratkilometer gro\u00dfen, Landsitz ein. Alles was Fl\u00fcgel hat und den Namen DeHavilland tr\u00e4gt trifft sich an diesem Wochenende. &hellip; <a class=\"read-excerpt\" href=\"https:\/\/www.miss-sophie.org\/?page_id=321\">Weiterlesen <span class=\"meta-nav\">&raquo;<\/span><\/a><\/p>\n","protected":false},"author":3,"featured_media":0,"parent":0,"menu_order":0,"comment_status":"closed","ping_status":"open","template":"","meta":{"footnotes":""},"class_list":["post-321","page","type-page","status-publish","hentry"],"_links":{"self":[{"href":"https:\/\/www.miss-sophie.org\/index.php?rest_route=\/wp\/v2\/pages\/321","targetHints":{"allow":["GET"]}}],"collection":[{"href":"https:\/\/www.miss-sophie.org\/index.php?rest_route=\/wp\/v2\/pages"}],"about":[{"href":"https:\/\/www.miss-sophie.org\/index.php?rest_route=\/wp\/v2\/types\/page"}],"author":[{"embeddable":true,"href":"https:\/\/www.miss-sophie.org\/index.php?rest_route=\/wp\/v2\/users\/3"}],"replies":[{"embeddable":true,"href":"https:\/\/www.miss-sophie.org\/index.php?rest_route=%2Fwp%2Fv2%2Fcomments&post=321"}],"version-history":[{"count":2,"href":"https:\/\/www.miss-sophie.org\/index.php?rest_route=\/wp\/v2\/pages\/321\/revisions"}],"predecessor-version":[{"id":412,"href":"https:\/\/www.miss-sophie.org\/index.php?rest_route=\/wp\/v2\/pages\/321\/revisions\/412"}],"wp:attachment":[{"href":"https:\/\/www.miss-sophie.org\/index.php?rest_route=%2Fwp%2Fv2%2Fmedia&parent=321"}],"curies":[{"name":"wp","href":"https:\/\/api.w.org\/{rel}","templated":true}]}}