{"id":269,"date":"2013-08-19T16:14:47","date_gmt":"2013-08-19T15:14:47","guid":{"rendered":"http:\/\/www.miss-sophie.org\/?page_id=269"},"modified":"2026-02-01T15:42:44","modified_gmt":"2026-02-01T14:42:44","slug":"die-stolzen-eigentmer","status":"publish","type":"page","link":"https:\/\/www.miss-sophie.org\/?page_id=269","title":{"rendered":"Die stolzen Eigent&uuml;mer"},"content":{"rendered":"\n<pre class=\"wp-block-preformatted\"><\/pre>\n\n\n\n<figure class=\"wp-block-image size-full\"><img loading=\"lazy\" decoding=\"async\" width=\"1014\" height=\"601\" src=\"https:\/\/www.miss-sophie.org\/wp-content\/uploads\/Gruppenfoto-mit-Sophie.jpg\" alt=\"\" class=\"wp-image-1017\" srcset=\"https:\/\/www.miss-sophie.org\/wp-content\/uploads\/Gruppenfoto-mit-Sophie.jpg 1014w, https:\/\/www.miss-sophie.org\/wp-content\/uploads\/Gruppenfoto-mit-Sophie-300x178.jpg 300w, https:\/\/www.miss-sophie.org\/wp-content\/uploads\/Gruppenfoto-mit-Sophie-768x455.jpg 768w\" sizes=\"auto, (max-width: 1014px) 100vw, 1014px\" \/><\/figure>\n\n\n<table border=\"0\" width=\"400\" cellspacing=\"0\" cellpadding=\"0\">\n<tbody>\n<tr>\n<td valign=\"top\" width=\"200\">Miss Sophie&#8217;s Kennzeichen D-E<span style=\"color: #0000ff;\"><strong>THC<\/strong><\/span> ist kein Zufall:<\/td>\n<td valign=\"top\" width=\"200\">\u00a0<\/td>\n<\/tr>\n<tr>\n<td valign=\"top\" width=\"200\">\u00a0<\/td>\n<td valign=\"top\" width=\"200\"><strong><span style=\"color: #3366ff;\">T<\/span><\/strong>homas<\/td>\n<\/tr>\n<tr>\n<td valign=\"top\" width=\"200\">\u00a0<\/td>\n<td valign=\"top\" width=\"200\"><strong><span style=\"color: #3366ff;\">H<\/span><\/strong>erbert<\/td>\n<\/tr>\n<tr>\n<td valign=\"top\" width=\"200\">\u00a0<\/td>\n<td valign=\"top\" width=\"200\"><strong><span style=\"color: #3366ff;\">C<\/span><\/strong>laudio<\/td>\n<\/tr>\n<\/tbody>\n<\/table>\n<h3 align=\"justify\"><a href=\"https:\/\/www.miss-sophie.org\/wp-content\/uploads\/2013\/08\/thomas_180.jpg\"><strong><img loading=\"lazy\" decoding=\"async\" style=\"background-image: none; float: left; padding-top: 0px; padding-left: 0px; margin: 0px 25px 0px 0px; display: inline; padding-right: 0px; border-width: 0px;\" title=\"thomas_180\" src=\"https:\/\/www.miss-sophie.org\/wp-content\/uploads\/2013\/08\/thomas_180_thumb.jpg\" alt=\"thomas_180\" width=\"113\" height=\"180\" align=\"left\" border=\"0\" \/><\/strong><\/a><strong>Thomas <\/strong><em>(hier ein Jugendfoto)<\/em><\/h3>\n<p align=\"justify\">eMail: <a href=\"mailto:thomas.wt@t-online.de\">thomas.wt@t-online.de<\/a><\/p>\n<p align=\"justify\">Im Sophie-Team f\u00fcr die Kasse und den Schriftkram zust\u00e4ndig. Er ist Fluglehrer f\u00fcr Segelflug, Motorflug, Motorsegler und Ultraleichte, war 25 Jahre Ausbildungsleiter und ist im Besitz der\u00a0 Kunstflugberechtigung. Au\u00dferdem ist er Autor dieser Website.<\/p>\n<p align=\"justify\">.<\/p>\n<p align=\"justify\"><a href=\"https:\/\/www.miss-sophie.org\/wp-content\/uploads\/2013\/08\/herbert_180.jpg\"><img loading=\"lazy\" decoding=\"async\" class=\"\" style=\"margin: 0px 20px 0px 0px;\" title=\"herbert_180\" src=\"https:\/\/www.miss-sophie.org\/wp-content\/uploads\/2013\/08\/herbert_180_thumb.jpg\" alt=\"herbert_180\" width=\"138\" height=\"200\" align=\"left\" border=\"0\" \/><\/a><\/p>\n<h3 align=\"justify\"><strong>\u2020<\/strong> <strong>Herbert \u2020<\/strong><\/h3>\n<p align=\"justify\">Der Cheftechniker in der Truppe. Im Berufsleben flog er einen mehrstrahligen Jet. CPL, ATPL, Motorflugschein, Motorsegel- und Segelflugschein, UL-Berechtigung, Segel-und Motorkunstflug. Seit 2013 Besitzer einer Pitts S2B. <strong>Herbert ist am 30. August 2015 bei einem tragischen Flugzeugabsturz t\u00f6dlich verungl\u00fcckt.<\/strong><\/p>\n<h3><a href=\"https:\/\/www.miss-sophie.org\/wp-content\/uploads\/2013\/08\/claudio_180.jpg\"><img loading=\"lazy\" decoding=\"async\" style=\"margin: 0px 10px 0px 0px;\" title=\"claudio_180\" src=\"https:\/\/www.miss-sophie.org\/wp-content\/uploads\/2013\/08\/claudio_180_thumb.jpg\" alt=\"claudio_180\" width=\"139\" height=\"180\" align=\"left\" border=\"0\" \/><\/a><\/h3>\n<h3 align=\"justify\"><strong>Claudio<\/strong><\/h3>\n<p align=\"justify\">eMail: <a href=\"mailto:claudio.stetter@arcor.de\">claudio.stetter@arcor.de<\/a><\/p>\n<p align=\"justify\">Motorflug, Segelflug, Motorsegler und Ultraleicht sowie Fluglehrer mit Segelkunstflugberechtigung. Werkstattprofi und f\u00fcr die Ersatzteilbeschaffung zust\u00e4ndig<\/p>\n<h2 align=\"justify\">\u00a0<\/h2>\n<h2 align=\"justify\">\u00a0\u00a0\u00a0\u00a0\u00a0\u00a0 ..und ab April 2022 neu in der Truppe<\/h2>\n<h3>Karl Heinz Ideler &#8222;Kalle&#8220;<\/h3>\n<p><img loading=\"lazy\" decoding=\"async\" class=\" wp-image-791 alignleft\" src=\"https:\/\/www.miss-sophie.org\/wp-content\/uploads\/7-Schulflug-Hetzleser-Berg-2-300x286.jpg\" alt=\"\" width=\"177\" height=\"168\" srcset=\"https:\/\/www.miss-sophie.org\/wp-content\/uploads\/7-Schulflug-Hetzleser-Berg-2-300x286.jpg 300w, https:\/\/www.miss-sophie.org\/wp-content\/uploads\/7-Schulflug-Hetzleser-Berg-2.jpg 599w\" sizes=\"auto, (max-width: 177px) 100vw, 177px\" \/><\/p>\n<p>Er fliegt seit 1976 Segel- Motorsegel- Ul- und Motorflug. Ist seit \u00fcber 30 Jahren Fluglehrer. Und betreibt aktiv Segel- und Motorkunstflug. Ein eingefleischter Werkstattmann mit Spezialgebiet Strom und Spannung.<\/p>\n<h3 align=\"justify\">\u00a0<\/h3>\n<h3 align=\"justify\">\u00a0<\/h3>\n<h3 align=\"justify\">Thomas Horz<\/h3>\n<p><img loading=\"lazy\" decoding=\"async\" class=\"wp-image-802 alignleft\" src=\"https:\/\/www.miss-sophie.org\/wp-content\/uploads\/b532fdbc-13a2-4221-9349-ecc70e56d022-225x300.jpg\" alt=\"\" width=\"184\" height=\"245\" srcset=\"https:\/\/www.miss-sophie.org\/wp-content\/uploads\/b532fdbc-13a2-4221-9349-ecc70e56d022-225x300.jpg 225w, https:\/\/www.miss-sophie.org\/wp-content\/uploads\/b532fdbc-13a2-4221-9349-ecc70e56d022-768x1024.jpg 768w, https:\/\/www.miss-sophie.org\/wp-content\/uploads\/b532fdbc-13a2-4221-9349-ecc70e56d022-1152x1536.jpg 1152w, https:\/\/www.miss-sophie.org\/wp-content\/uploads\/b532fdbc-13a2-4221-9349-ecc70e56d022.jpg 1200w\" sizes=\"auto, (max-width: 184px) 100vw, 184px\" \/><\/p>\n<p style=\"text-align: left;\">Seit 1975 mit dem Fliegervirus befallen. Segelflug, Motorsegler, UL und Motorflug. Aktiver Segel- und Motorkunstflieger und langj\u00e4hriger 1. Vorsitzender bei den laufer Segelfliegern.<\/p>","protected":false},"excerpt":{"rendered":"<p>Miss Sophie&#8217;s Kennzeichen D-ETHC ist kein Zufall: \u00a0 \u00a0 Thomas \u00a0 Herbert \u00a0 Claudio Thomas (hier ein Jugendfoto) eMail: thomas.wt@t-online.de Im Sophie-Team f\u00fcr die Kasse und den Schriftkram zust\u00e4ndig. Er ist Fluglehrer f\u00fcr Segelflug, Motorflug, Motorsegler und Ultraleichte, war 25 Jahre Ausbildungsleiter und ist im Besitz der\u00a0 Kunstflugberechtigung. Au\u00dferdem ist er Autor dieser Website. . &hellip; <a class=\"read-excerpt\" href=\"https:\/\/www.miss-sophie.org\/?page_id=269\">Weiterlesen <span class=\"meta-nav\">&raquo;<\/span><\/a><\/p>\n","protected":false},"author":3,"featured_media":0,"parent":0,"menu_order":5,"comment_status":"closed","ping_status":"closed","template":"","meta":{"footnotes":""},"class_list":["post-269","page","type-page","status-publish","hentry"],"_links":{"self":[{"href":"https:\/\/www.miss-sophie.org\/index.php?rest_route=\/wp\/v2\/pages\/269","targetHints":{"allow":["GET"]}}],"collection":[{"href":"https:\/\/www.miss-sophie.org\/index.php?rest_route=\/wp\/v2\/pages"}],"about":[{"href":"https:\/\/www.miss-sophie.org\/index.php?rest_route=\/wp\/v2\/types\/page"}],"author":[{"embeddable":true,"href":"https:\/\/www.miss-sophie.org\/index.php?rest_route=\/wp\/v2\/users\/3"}],"replies":[{"embeddable":true,"href":"https:\/\/www.miss-sophie.org\/index.php?rest_route=%2Fwp%2Fv2%2Fcomments&post=269"}],"version-history":[{"count":19,"href":"https:\/\/www.miss-sophie.org\/index.php?rest_route=\/wp\/v2\/pages\/269\/revisions"}],"predecessor-version":[{"id":1019,"href":"https:\/\/www.miss-sophie.org\/index.php?rest_route=\/wp\/v2\/pages\/269\/revisions\/1019"}],"wp:attachment":[{"href":"https:\/\/www.miss-sophie.org\/index.php?rest_route=%2Fwp%2Fv2%2Fmedia&parent=269"}],"curies":[{"name":"wp","href":"https:\/\/api.w.org\/{rel}","templated":true}]}}