{"id":239,"date":"2013-08-19T19:13:36","date_gmt":"2013-08-19T17:13:36","guid":{"rendered":"http:\/\/www.miss-sophie.org\/?page_id=239"},"modified":"2018-11-21T23:07:23","modified_gmt":"2018-11-21T21:07:23","slug":"miss-sophie-treffen-in-rosenthal","status":"publish","type":"page","link":"https:\/\/www.miss-sophie.org\/?page_id=239","title":{"rendered":"Miss-Sophie-Treffen"},"content":{"rendered":"<p align=\"justify\"><strong>Ein fliegertreffen der erwas anderen Art<\/strong><\/p>\n<p align=\"justify\"><a href=\"https:\/\/www.miss-sophie.org\/wp-content\/uploads\/2013\/08\/grp_gruppe_180.jpg\"><img loading=\"lazy\" decoding=\"async\" style=\"background-image: none; float: right; padding-top: 0px; padding-left: 0px; display: inline; padding-right: 0px; border: 0px;\" title=\"grp_gruppe_180\" src=\"https:\/\/www.miss-sophie.org\/wp-content\/uploads\/2013\/08\/grp_gruppe_180_thumb.jpg\" alt=\"grp_gruppe_180\" width=\"215\" height=\"143\" align=\"right\" border=\"0\" hspace=\"0\" \/><\/a>Seit August 2000 treffen sich ein mal im Jahr\u00a0 eine Gruppe Oldtimer Piloten zum Miss-Sophie-Treffen. Zun\u00e4chst in\u00a0Rosenthal und sp\u00e4ter nach dem tod des Flugplatzchefs Richard in Lauf Lillinghof. Es ist ein Treffen ohne jeden kommerziellen Hintergedanken. Einfach nur fliegen, fachsimpeln und Spa\u00df in geselliger Runde haben.<\/p>\n<p align=\"justify\">Am Samstagnachmittag f\u00fchrt\u00a0ein \u201eFrankenrundflug\u201c\u00a0\u00fcber fr\u00e4nkische Sehensw\u00fcrdigkeiten wie das Fichtelgebirge, die Plassenburg, Kloster Banz und Vierzehnheiligen. Etappenziel ist immer ein benachbarter Verein, bei dem die Flugplatzdamen mit Kaffee und Kuchen aufwarten.<\/p>\n<p align=\"justify\"><a href=\"https:\/\/www.miss-sophie.org\/wp-content\/uploads\/2013\/08\/karte_180.jpg\"><img loading=\"lazy\" decoding=\"async\" style=\"background-image: none; float: left; padding-top: 0px; padding-left: 0px; display: inline; padding-right: 0px; border: 0px;\" title=\"karte_180\" src=\"https:\/\/www.miss-sophie.org\/wp-content\/uploads\/2013\/08\/karte_180_thumb.jpg\" alt=\"karte_180\" width=\"180\" height=\"224\" align=\"left\" border=\"0\" hspace=\"3\" \/><\/a><\/p>\n<p align=\"justify\">Am sp\u00e4ten Nachmittag geht es dann wieder zur\u00fcck zum Startflugplatz wo die Flammen im Grill schon zu z\u00fcngeln beginnen. Viele Freunde und Fans sowie eine Handvoll Musiker lassen es sich nicht nehmen mitzufeiern und zum Gelingen des Abends beizutragen.\u00a0 Der Abend wird meist lange, laut\u00a0und feuchtfr\u00f6hlich.<\/p>\n<p align=\"justify\">Erst weit nach Mitternacht begeben sich die letzten G\u00e4ste auf ihre Zimmer oder schl\u00fcpfen in den Schlafsack. Am Sonntag nach einem sp\u00e4ten, aber ausgiebigen Fr\u00fchst\u00fcck, geht es wieder ab, in alle Himmelsrichtungen.<\/p>\n<p align=\"center\"><a href=\"https:\/\/www.miss-sophie.org\/wp-content\/uploads\/2013\/08\/sophie-front_180.jpg\"><img loading=\"lazy\" decoding=\"async\" style=\"background-image: none; padding-top: 0px; padding-left: 0px; display: inline; padding-right: 0px; border: 0px;\" title=\"sophie-front_180\" src=\"https:\/\/www.miss-sophie.org\/wp-content\/uploads\/2013\/08\/sophie-front_180_thumb.jpg\" alt=\"sophie-front_180\" width=\"215\" height=\"130\" border=\"0\" \/><\/a><a href=\"https:\/\/www.miss-sophie.org\/wp-content\/uploads\/2013\/08\/runde_180.jpg\"><img loading=\"lazy\" decoding=\"async\" title=\"runde_180\" src=\"https:\/\/www.miss-sophie.org\/wp-content\/uploads\/2013\/08\/runde_180_thumb.jpg\" alt=\"runde_180\" width=\"180\" height=\"100\" border=\"0\" \/><\/a><\/p>\n<p align=\"center\"><a href=\"https:\/\/www.miss-sophie.org\/wp-content\/uploads\/2013\/08\/tomherb_180.jpg\"><img loading=\"lazy\" decoding=\"async\" title=\"tomherb_180\" src=\"https:\/\/www.miss-sophie.org\/wp-content\/uploads\/2013\/08\/tomherb_180_thumb.jpg\" alt=\"tomherb_180\" width=\"180\" height=\"90\" border=\"0\" \/><\/a><\/p>\n<p align=\"justify\"><strong>Treffen 2002<\/strong><\/p>\n<p align=\"justify\">Das Treffen 2002 war leider vom schlechten Wetter gepr\u00e4gt. Und trotzdem war es wieder eine gelungene Party. Hier einige Bilder, die f\u00fcr sich sprechen:<\/p>\n<p align=\"center\"><a href=\"https:\/\/www.miss-sophie.org\/wp-content\/uploads\/2013\/08\/02-07r_180.jpg\"><img loading=\"lazy\" decoding=\"async\" style=\"background-image: none; padding-top: 0px; padding-left: 0px; display: inline; padding-right: 0px; border: 0px;\" title=\"02-07r_180\" src=\"https:\/\/www.miss-sophie.org\/wp-content\/uploads\/2013\/08\/02-07r_180_thumb.jpg\" alt=\"02-07r_180\" width=\"215\" height=\"179\" border=\"0\" \/><\/a><a href=\"https:\/\/www.miss-sophie.org\/wp-content\/uploads\/2013\/08\/02-08r_180.jpg\"><img loading=\"lazy\" decoding=\"async\" title=\"02-08r_180\" src=\"https:\/\/www.miss-sophie.org\/wp-content\/uploads\/2013\/08\/02-08r_180_thumb.jpg\" alt=\"02-08r_180\" width=\"164\" height=\"215\" border=\"0\" \/><\/a><\/p>\n<p align=\"center\"><a href=\"https:\/\/www.miss-sophie.org\/wp-content\/uploads\/2013\/08\/02-12r_180.jpg\"><img loading=\"lazy\" decoding=\"async\" style=\"background-image: none; padding-top: 0px; padding-left: 0px; display: inline; padding-right: 0px; border: 0px;\" title=\"02-12r_180\" src=\"https:\/\/www.miss-sophie.org\/wp-content\/uploads\/2013\/08\/02-12r_180_thumb.jpg\" alt=\"02-12r_180\" width=\"215\" height=\"178\" border=\"0\" \/><\/a><a href=\"https:\/\/www.miss-sophie.org\/wp-content\/uploads\/2013\/08\/02-14r.jpg\"><img loading=\"lazy\" decoding=\"async\" style=\"background-image: none; padding-top: 0px; padding-left: 0px; padding-right: 0px; border: 0px;\" title=\"02-14r\" src=\"https:\/\/www.miss-sophie.org\/wp-content\/uploads\/2013\/08\/02-14r_thumb.jpg\" alt=\"02-14r\" width=\"215\" height=\"171\" border=\"0\" \/><\/a><\/p>\n<p align=\"center\"><a href=\"https:\/\/www.miss-sophie.org\/wp-content\/uploads\/2013\/08\/02-17r_180.jpg\"><img loading=\"lazy\" decoding=\"async\" style=\"background-image: none; padding-top: 0px; padding-left: 0px; display: inline; padding-right: 0px; border: 0px;\" title=\"02-17r_180\" src=\"https:\/\/www.miss-sophie.org\/wp-content\/uploads\/2013\/08\/02-17r_180_thumb.jpg\" alt=\"02-17r_180\" width=\"215\" height=\"174\" border=\"0\" \/><\/a><a href=\"https:\/\/www.miss-sophie.org\/wp-content\/uploads\/2013\/08\/02-22r_180.jpg\"><img loading=\"lazy\" decoding=\"async\" style=\"background-image: none; padding-top: 0px; padding-left: 0px; padding-right: 0px; border: 0px;\" title=\"02-22r_180\" src=\"https:\/\/www.miss-sophie.org\/wp-content\/uploads\/2013\/08\/02-22r_180_thumb.jpg\" alt=\"02-22r_180\" width=\"215\" height=\"164\" border=\"0\" \/><\/a><\/p>\n<p align=\"center\"><a href=\"https:\/\/www.miss-sophie.org\/wp-content\/uploads\/2013\/08\/02-25r_180.jpg\"><img loading=\"lazy\" decoding=\"async\" style=\"background-image: none; padding-top: 0px; padding-left: 0px; display: inline; padding-right: 0px; border: 0px;\" title=\"02-25r_180\" src=\"https:\/\/www.miss-sophie.org\/wp-content\/uploads\/2013\/08\/02-25r_180_thumb.jpg\" alt=\"02-25r_180\" width=\"215\" height=\"167\" border=\"0\" \/><\/a><a href=\"https:\/\/www.miss-sophie.org\/wp-content\/uploads\/2013\/08\/02-36r_180.jpg\"><img loading=\"lazy\" decoding=\"async\" style=\"background-image: none; padding-top: 0px; padding-left: 0px; padding-right: 0px; border: 0px;\" title=\"02-36r_180\" src=\"https:\/\/www.miss-sophie.org\/wp-content\/uploads\/2013\/08\/02-36r_180_thumb.jpg\" alt=\"02-36r_180\" width=\"163\" height=\"215\" border=\"0\" \/><\/a><\/p>\n<p align=\"center\"><a href=\"https:\/\/www.miss-sophie.org\/wp-content\/uploads\/2013\/08\/02-43r_180.jpg\"><img loading=\"lazy\" decoding=\"async\" style=\"background-image: none; padding-top: 0px; padding-left: 0px; display: inline; padding-right: 0px; border: 0px;\" title=\"02-43r_180\" src=\"https:\/\/www.miss-sophie.org\/wp-content\/uploads\/2013\/08\/02-43r_180_thumb.jpg\" alt=\"02-43r_180\" width=\"215\" height=\"166\" border=\"0\" \/><\/a><\/p>\n<p align=\"justify\">Treffen 2003<\/p>\n<p align=\"justify\">Im Jahr 2003 stand ein ganz besonderes Highlight auf dem Programm. Bei bestem Flugwetter f\u00fchrte uns der Frankenrundflug mit direkt \u00fcber die N\u00fcrnberger Altstadt und im tiefen Verbandsflug \u00fcber den N\u00fcrnberger Flughafen. An dieser Stelle ein gro\u00dfes Dankesch\u00f6n an die DFS. Vor lauter Ehrfurcht hat das Ereignis leider niemand recht fotografiert.<\/p>\n<p align=\"center\"><a href=\"https:\/\/www.miss-sophie.org\/wp-content\/uploads\/2013\/08\/st_03_01_180.jpg\"><img loading=\"lazy\" decoding=\"async\" style=\"background-image: none; padding-top: 0px; padding-left: 0px; display: inline; padding-right: 0px; border: 0px;\" title=\"st_03_01_180\" src=\"https:\/\/www.miss-sophie.org\/wp-content\/uploads\/2013\/08\/st_03_01_180_thumb.jpg\" alt=\"st_03_01_180\" width=\"215\" height=\"167\" border=\"0\" \/><\/a><a href=\"https:\/\/www.miss-sophie.org\/wp-content\/uploads\/2013\/08\/st_03_02_180.jpg\"><img loading=\"lazy\" decoding=\"async\" style=\"background-image: none; padding-top: 0px; padding-left: 0px; padding-right: 0px; border: 0px;\" title=\"st_03_02_180\" src=\"https:\/\/www.miss-sophie.org\/wp-content\/uploads\/2013\/08\/st_03_02_180_thumb.jpg\" alt=\"st_03_02_180\" width=\"215\" height=\"160\" border=\"0\" \/><\/a><\/p>\n<p align=\"center\"><a href=\"https:\/\/www.miss-sophie.org\/wp-content\/uploads\/2013\/08\/st_03_03_180.jpg\"><img loading=\"lazy\" decoding=\"async\" style=\"background-image: none; padding-top: 0px; padding-left: 0px; display: inline; padding-right: 0px; border: 0px;\" title=\"st_03_03_180\" src=\"https:\/\/www.miss-sophie.org\/wp-content\/uploads\/2013\/08\/st_03_03_180_thumb.jpg\" alt=\"st_03_03_180\" width=\"215\" height=\"160\" border=\"0\" \/><\/a><a href=\"https:\/\/www.miss-sophie.org\/wp-content\/uploads\/2013\/08\/st_03_04_180.jpg\"><img loading=\"lazy\" decoding=\"async\" style=\"background-image: none; padding-top: 0px; padding-left: 0px; padding-right: 0px; border: 0px;\" title=\"st_03_04_180\" src=\"https:\/\/www.miss-sophie.org\/wp-content\/uploads\/2013\/08\/st_03_04_180_thumb.jpg\" alt=\"st_03_04_180\" width=\"215\" height=\"160\" border=\"0\" \/><\/a><\/p>\n<p align=\"center\"><a href=\"https:\/\/www.miss-sophie.org\/wp-content\/uploads\/2013\/08\/st_03_05_180.jpg\"><img loading=\"lazy\" decoding=\"async\" style=\"background-image: none; padding-top: 0px; padding-left: 0px; display: inline; padding-right: 0px; border: 0px;\" title=\"st_03_05_180\" src=\"https:\/\/www.miss-sophie.org\/wp-content\/uploads\/2013\/08\/st_03_05_180_thumb.jpg\" alt=\"st_03_05_180\" width=\"215\" height=\"160\" border=\"0\" \/><\/a><a href=\"https:\/\/www.miss-sophie.org\/wp-content\/uploads\/2013\/08\/st_03_06_180.jpg\"><img loading=\"lazy\" decoding=\"async\" style=\"background-image: none; padding-top: 0px; padding-left: 0px; padding-right: 0px; border: 0px;\" title=\"st_03_06_180\" src=\"https:\/\/www.miss-sophie.org\/wp-content\/uploads\/2013\/08\/st_03_06_180_thumb.jpg\" alt=\"st_03_06_180\" width=\"215\" height=\"167\" border=\"0\" \/><\/a><\/p>\n<p align=\"center\"><a href=\"https:\/\/www.miss-sophie.org\/wp-content\/uploads\/2013\/08\/st_03_07_180.jpg\"><img loading=\"lazy\" decoding=\"async\" style=\"background-image: none; padding-top: 0px; padding-left: 0px; display: inline; padding-right: 0px; border: 0px;\" title=\"st_03_07_180\" src=\"https:\/\/www.miss-sophie.org\/wp-content\/uploads\/2013\/08\/st_03_07_180_thumb.jpg\" alt=\"st_03_07_180\" width=\"215\" height=\"161\" border=\"0\" \/><\/a><a href=\"https:\/\/www.miss-sophie.org\/wp-content\/uploads\/2013\/08\/st_03_08_180.jpg\"><img loading=\"lazy\" decoding=\"async\" style=\"background-image: none; padding-top: 0px; padding-left: 0px; padding-right: 0px; border: 0px;\" title=\"st_03_08_180\" src=\"https:\/\/www.miss-sophie.org\/wp-content\/uploads\/2013\/08\/st_03_08_180_thumb.jpg\" alt=\"st_03_08_180\" width=\"215\" height=\"163\" border=\"0\" \/><\/a><\/p>\n<p align=\"center\"><a href=\"https:\/\/www.miss-sophie.org\/wp-content\/uploads\/2013\/08\/st_03_09_180.jpg\"><img loading=\"lazy\" decoding=\"async\" style=\"background-image: none; padding-top: 0px; padding-left: 0px; display: inline; padding-right: 0px; border: 0px;\" title=\"st_03_09_180\" src=\"https:\/\/www.miss-sophie.org\/wp-content\/uploads\/2013\/08\/st_03_09_180_thumb.jpg\" alt=\"st_03_09_180\" width=\"215\" height=\"166\" border=\"0\" \/><\/a><\/p>\n<p align=\"center\">Video vom Sophie-Treffen 2012: https:\/\/www.youtube.com\/watch?v=nGSAfwn4lYA<\/p>\n<p align=\"center\">\n","protected":false},"excerpt":{"rendered":"<p>Ein fliegertreffen der erwas anderen Art Seit August 2000 treffen sich ein mal im Jahr\u00a0 eine Gruppe Oldtimer Piloten zum Miss-Sophie-Treffen. Zun\u00e4chst in\u00a0Rosenthal und sp\u00e4ter nach dem tod des Flugplatzchefs Richard in Lauf Lillinghof. Es ist ein Treffen ohne jeden kommerziellen Hintergedanken. Einfach nur fliegen, fachsimpeln und Spa\u00df in geselliger Runde haben. Am Samstagnachmittag f\u00fchrt\u00a0ein &hellip; <a class=\"read-excerpt\" href=\"https:\/\/www.miss-sophie.org\/?page_id=239\">Weiterlesen <span class=\"meta-nav\">&raquo;<\/span><\/a><\/p>\n","protected":false},"author":3,"featured_media":0,"parent":0,"menu_order":0,"comment_status":"closed","ping_status":"open","template":"","meta":{"footnotes":""},"class_list":["post-239","page","type-page","status-publish","hentry"],"_links":{"self":[{"href":"https:\/\/www.miss-sophie.org\/index.php?rest_route=\/wp\/v2\/pages\/239","targetHints":{"allow":["GET"]}}],"collection":[{"href":"https:\/\/www.miss-sophie.org\/index.php?rest_route=\/wp\/v2\/pages"}],"about":[{"href":"https:\/\/www.miss-sophie.org\/index.php?rest_route=\/wp\/v2\/types\/page"}],"author":[{"embeddable":true,"href":"https:\/\/www.miss-sophie.org\/index.php?rest_route=\/wp\/v2\/users\/3"}],"replies":[{"embeddable":true,"href":"https:\/\/www.miss-sophie.org\/index.php?rest_route=%2Fwp%2Fv2%2Fcomments&post=239"}],"version-history":[{"count":2,"href":"https:\/\/www.miss-sophie.org\/index.php?rest_route=\/wp\/v2\/pages\/239\/revisions"}],"predecessor-version":[{"id":541,"href":"https:\/\/www.miss-sophie.org\/index.php?rest_route=\/wp\/v2\/pages\/239\/revisions\/541"}],"wp:attachment":[{"href":"https:\/\/www.miss-sophie.org\/index.php?rest_route=%2Fwp%2Fv2%2Fmedia&parent=239"}],"curies":[{"name":"wp","href":"https:\/\/api.w.org\/{rel}","templated":true}]}}