{"id":187,"date":"2013-08-19T18:52:13","date_gmt":"2013-08-19T16:52:13","guid":{"rendered":"http:\/\/www.miss-sophie.org\/?page_id=187"},"modified":"2013-08-20T14:45:18","modified_gmt":"2013-08-20T12:45:18","slug":"flugtag-und-oldtimertreffen-in-schameder-2001","status":"publish","type":"page","link":"https:\/\/www.miss-sophie.org\/?page_id=187","title":{"rendered":"Flugtag und Oldtimertreffen in Schameder 2001"},"content":{"rendered":"<p align=\"justify\"><strong>Ein fotografischer Reisebericht von Kurt O. W\u00f6rl:<\/strong><\/p>\n<p align=\"justify\"><a href=\"https:\/\/www.miss-sophie.org\/wp-content\/uploads\/2013\/08\/se_abflug_180.jpg\"><img loading=\"lazy\" decoding=\"async\" style=\"background-image: none; float: right; padding-top: 0px; padding-left: 0px; display: inline; padding-right: 0px; border-width: 0px;\" title=\"se_abflug_180\" alt=\"se_abflug_180\" src=\"https:\/\/www.miss-sophie.org\/wp-content\/uploads\/2013\/08\/se_abflug_180_thumb.jpg\" width=\"180\" height=\"117\" align=\"right\" border=\"0\" hspace=\"3\" \/><\/a>Das war eine gro\u00dfe Freude, als mich einer der Eigent\u00fcmer von &#8222;Miss Sophie&#8220;, n\u00e4mlich Thomas Pl\u00f6dt, einlud, mit zu einem Oldtimertreffen und Flugtag nach Schameder zu fliegen, nat\u00fcrlich mit &#8222;Miss Sophie&#8220;.<\/p>\n<p align=\"justify\">Sonntagmorgen, auf dem Flugplatz Lauf-Lillinghof:<\/p>\n<p align=\"justify\">Thomas hat das gute alte &#8222;M\u00e4dchen&#8220; bereits am Vortag aus Rosenthal (dem Heimatflugplatz der gelben Tiger Moth) geholt.<\/p>\n<p align=\"justify\">Es war ein sch\u00f6ner, aber doch k\u00fchler Morgen. Wie k\u00fchl, das durfte ich unmittelbar nach dem Start erfahren.<\/p>\n<p align=\"justify\"><a href=\"https:\/\/www.miss-sophie.org\/wp-content\/uploads\/2013\/08\/cockpit_180.jpg\"><img loading=\"lazy\" decoding=\"async\" style=\"background-image: none; float: left; padding-top: 0px; padding-left: 0px; display: inline; padding-right: 0px; border-width: 0px;\" title=\"cockpit_180\" alt=\"cockpit_180\" src=\"https:\/\/www.miss-sophie.org\/wp-content\/uploads\/2013\/08\/cockpit_180_thumb.jpg\" width=\"180\" height=\"117\" align=\"left\" border=\"0\" hspace=\"3\" \/><\/a>In diesem Cockpit also werde ich einen Gro\u00dfteil dieses Tages verbringen. Doch zun\u00e4chst musste mit dem Propeller &#8211; nach alter Manier &#8211; erst einmal der Motor angeworfen werden. Miteigent\u00fcmer Herbert Schmidt war so freundlich, bevor er sich auf wichtigeres, auf seinen Hochzeitstag n\u00e4mlich, zu konzentrieren hatte.<\/p>\n<p align=\"justify\"><a href=\"https:\/\/www.miss-sophie.org\/wp-content\/uploads\/2013\/08\/kw_3_180.jpg\"><img loading=\"lazy\" decoding=\"async\" style=\"background-image: none; float: right; padding-top: 0px; padding-left: 0px; display: inline; padding-right: 0px; border-width: 0px;\" title=\"kw_3_180\" alt=\"kw_3_180\" src=\"https:\/\/www.miss-sophie.org\/wp-content\/uploads\/2013\/08\/kw_3_180_thumb.jpg\" width=\"215\" height=\"151\" align=\"right\" border=\"0\" hspace=\"0\" \/><\/a>Unser Flug w\u00fcrde etwa 2 1\/2 Stunden dauern. Mann, so hat mich noch nie vorher gefroren!!!<\/p>\n<p align=\"justify\">So aufregend es war, den Fahrtwind direkt zu sp\u00fcren, aber ich hatte keine Handschuhe dabei. \u00dcber die Intercom-Anlage teilte mir Tommi zwar s\u00fcffisant mit, dass sich im Gep\u00e4ckfach, hinter seinem Sitz, solche Fingerw\u00e4rmer bef\u00e4nden, doch was hilft dieses Wissen nach dem Abheben?<\/p>\n<p align=\"justify\"><a href=\"https:\/\/www.miss-sophie.org\/wp-content\/uploads\/2013\/08\/tm_geln2_180.jpg\"><img loading=\"lazy\" decoding=\"async\" style=\"background-image: none; float: left; padding-top: 0px; padding-left: 0px; display: inline; padding-right: 0px; border-width: 0px;\" title=\"tm_geln2_180\" alt=\"tm_geln2_180\" src=\"https:\/\/www.miss-sophie.org\/wp-content\/uploads\/2013\/08\/tm_geln2_180_thumb.jpg\" width=\"215\" height=\"149\" align=\"left\" border=\"0\" hspace=\"0\" \/><\/a>Zun\u00e4chst fror ich mich durch nach Gelnhausen, n\u00f6rdlich-\u00f6stlich Frankfurt\/Main. Dort sollte eine zweite Tiger Moth zu uns sto\u00dfen und au\u00dferdem wollen wir dort noch Sprit aufnehmen.<\/p>\n<p align=\"justify\">Das hat geklappt: Wir trafen den Gelnhausener Tiger-Piloten, Miss Sophie bekam den Tank gef\u00fcllt und ich endlich Handschuhe. Jetzt, nachdem mir w\u00e4rmer war, konnte ich den Flug erst richtig genie\u00dfen. Und ich sage Euch&#8230; unbeschreiblich!<\/p>\n<p align=\"justify\">Im Verbandsflug ging es weiter Richtung Schameder, wo wir rund 2 1\/2 Stunden nach unserem Start in Lauf ankamen.<a href=\"https:\/\/www.miss-sophie.org\/wp-content\/uploads\/2013\/08\/flugtag_180.jpg\"><img loading=\"lazy\" decoding=\"async\" style=\"background-image: none; float: right; padding-top: 0px; padding-left: 0px; display: inline; padding-right: 0px; border-width: 0px;\" title=\"flugtag_180\" alt=\"flugtag_180\" src=\"https:\/\/www.miss-sophie.org\/wp-content\/uploads\/2013\/08\/flugtag_180_thumb.jpg\" width=\"180\" height=\"54\" align=\"right\" border=\"0\" hspace=\"0\" \/><\/a><\/p>\n<p align=\"justify\">In Schameder angekommen, machten wir zuerst Bekanntschaft mit einem strengen Controller am Turm: Keine Erlaubnis zum \u00dcberflug&#8230; schade, die Zuschauer h\u00e4tten das sicher genauso genossen wie wir.<\/p>\n<p align=\"justify\"><a href=\"https:\/\/www.miss-sophie.org\/wp-content\/uploads\/2013\/08\/m_sophie_parkt_180.jpg\"><img loading=\"lazy\" decoding=\"async\" style=\"background-image: none; float: left; padding-top: 0px; padding-left: 0px; display: inline; padding-right: 0px; border-width: 0px;\" title=\"m_sophie_parkt_180\" alt=\"m_sophie_parkt_180\" src=\"https:\/\/www.miss-sophie.org\/wp-content\/uploads\/2013\/08\/m_sophie_parkt_180_thumb.jpg\" width=\"180\" height=\"117\" align=\"left\" border=\"0\" hspace=\"3\" \/><\/a>Also landeten wir und parkten die beiden &#8222;Motten&#8220; so, dass die Flugtagsbesucher sie gut betrachten konnten. Au\u00dferdem erhielt der alte Flugdrachen ein Schild um den Propeller geh\u00e4ngt, von welchem Interessierte etwas \u00fcber die Geschichte und die technischen Daten des betagten Fliegers erfahren konnten.<\/p>\n<p align=\"justify\">In Hintergrund, neben Miss Sophie steht \u00fcbrigens ein Ultraleicht-Hubschrauber.<\/p>\n<p align=\"justify\"><a href=\"https:\/\/www.miss-sophie.org\/wp-content\/uploads\/2013\/08\/tm_geln_gl_180.jpg\"><img loading=\"lazy\" decoding=\"async\" style=\"background-image: none; float: right; padding-top: 0px; padding-left: 0px; display: inline; padding-right: 0px; border-width: 0px;\" title=\"tm_geln_gl_180\" alt=\"tm_geln_gl_180\" src=\"https:\/\/www.miss-sophie.org\/wp-content\/uploads\/2013\/08\/tm_geln_gl_180_thumb.jpg\" width=\"180\" height=\"117\" align=\"right\" border=\"0\" hspace=\"3\" \/><\/a>Die Gelnhausener &#8222;Motte&#8220; parkte gleich neben an. Sie ist j\u00fcngeren Baudatums und daher etwas moderner ausgestattet: Mit Anlasser, Radbremsen und Stromgenerator&#8230; ich konnte es mir nicht verkneifen&#8230; eine &#8222;Warmduscher-Motte&#8220; also \ud83d\ude42<\/p>\n<p align=\"justify\">Nach allerlei Flugvorf\u00fchrungen waren auch die Mottenpiloten gefragt: Sie sollten einen Verbandsflug vorf\u00fchren, <a href=\"https:\/\/www.miss-sophie.org\/wp-content\/uploads\/2013\/08\/front_180.jpg\"><img loading=\"lazy\" decoding=\"async\" style=\"background-image: none; float: left; padding-top: 0px; padding-left: 0px; display: inline; padding-right: 0px; border-width: 0px;\" title=\"front_180\" alt=\"front_180\" src=\"https:\/\/www.miss-sophie.org\/wp-content\/uploads\/2013\/08\/front_180_thumb.jpg\" width=\"215\" height=\"150\" align=\"left\" border=\"0\" hspace=\"0\" \/><\/a>was sich ansehnlich darstellte, da noch eine dritte Motte am Platz war.<\/p>\n<p align=\"justify\">F\u00fcr die Fotos entschuldige ich mich schon mal, aber ich musste st\u00e4ndig gegen die Sonne fotografieren, was bewirkte, dass die Bilder ziemliche Qualit\u00e4tsm\u00e4ngel aufweisen. Eigentlich ist das eine schlechte Flugtagsregie. Man sollte immer darauf achten, dass die Zuschauer weder in die Sonne gucken, noch in deren Richtung fotografieren m\u00fcssen. Aber bitte, man kann den Flugplatz halt schlecht einfach umdrehen.<\/p>\n<p align=\"justify\"><a href=\"https:\/\/www.miss-sophie.org\/wp-content\/uploads\/2013\/08\/verband2a_180.jpg\"><img loading=\"lazy\" decoding=\"async\" style=\"background-image: none; float: right; padding-top: 0px; padding-left: 0px; display: inline; padding-right: 0px; border-width: 0px;\" title=\"verband2a_180\" alt=\"verband2a_180\" src=\"https:\/\/www.miss-sophie.org\/wp-content\/uploads\/2013\/08\/verband2a_180_thumb.jpg\" width=\"215\" height=\"151\" align=\"right\" border=\"0\" hspace=\"0\" \/><\/a>Drei Motten im Verband, das sieht schon imposant aus, finde ich.<\/p>\n<p align=\"justify\">Leider mussten die Vorf\u00fchrungen auf Anordnung der zust\u00e4ndigen Verwaltung in einer Mindesth\u00f6he von 100 m \u00fcber Grund stattfinden. Ein Unding und f\u00fcr die Zuschauer wenig attraktiv. Doch der Vertreter der Beh\u00f6rde vor Ort lie\u00df sich nicht erweichen.<\/p>\n<p align=\"justify\"><a href=\"https:\/\/www.miss-sophie.org\/wp-content\/uploads\/2013\/08\/tm_geln5_180.jpg\"><img loading=\"lazy\" decoding=\"async\" style=\"background-image: none; float: left; padding-top: 0px; padding-left: 0px; display: inline; padding-right: 0px; border-width: 0px;\" title=\"tm_geln5_180\" alt=\"tm_geln5_180\" src=\"https:\/\/www.miss-sophie.org\/wp-content\/uploads\/2013\/08\/tm_geln5_180_thumb.jpg\" width=\"215\" height=\"149\" align=\"left\" border=\"0\" hspace=\"0\" \/><\/a>Nachdem unser Tagewerk in Schameder verrichtet war, traten wir den R\u00fcckflug an. Wieder im Verband hoben Miss Sophie und die Gelnhausener Motte ab.<\/p>\n<p align=\"justify\">Und f\u00fcr mich wurde der R\u00fcckflug ein einziger Genuss&#8230; Es war jetzt ausreichend warm, ich hatte zudem Handschuhe &#8211; und einen kleinen Fotoapparat zum knipsen dieser Bilder dabei.<\/p>\n<p align=\"justify\">Genie\u00dfen Sie nun mit mir die au\u00dfergew\u00f6hnlichen Eindr\u00fccke, welche man nur bei<a href=\"https:\/\/www.miss-sophie.org\/wp-content\/uploads\/2013\/08\/tm_ok_180.jpg\"><img loading=\"lazy\" decoding=\"async\" style=\"background-image: none; float: right; padding-top: 0px; padding-left: 0px; display: inline; padding-right: 0px; border-width: 0px;\" title=\"tm_ok_180\" alt=\"tm_ok_180\" src=\"https:\/\/www.miss-sophie.org\/wp-content\/uploads\/2013\/08\/tm_ok_180_thumb.jpg\" width=\"180\" height=\"117\" align=\"right\" border=\"0\" \/><\/a>einem Flug im Doppeldecker gewinnen kann. Es wird mir ein unvergessliches Erlebnis bleiben!<\/p>\n<p align=\"justify\">Der R\u00fcckflug war so geplant, dass wir in Ebern, n\u00f6rdlich Bamberg zwischenlanden, um Sprit aufzunehmen und dann Miss Sophie nach Rosenthal (s\u00fcdlich Bayreuth) nach Hause br\u00e4chten.<\/p>\n<p align=\"justify\"><a href=\"https:\/\/www.miss-sophie.org\/wp-content\/uploads\/2013\/08\/nouse_180.jpg\"><img loading=\"lazy\" decoding=\"async\" style=\"background-image: none; float: left; padding-top: 0px; padding-left: 0px; display: inline; padding-right: 0px; border-width: 0px;\" title=\"nouse_180\" alt=\"nouse_180\" src=\"https:\/\/www.miss-sophie.org\/wp-content\/uploads\/2013\/08\/nouse_180_thumb.jpg\" width=\"215\" height=\"149\" align=\"left\" border=\"0\" hspace=\"0\" \/><\/a>Der Mann mit dem langen Daumen ist \u00fcbrigens Pilot Thomas Pl\u00f6dt. Der Steuermann sitzt im Doppeldecker immer hinten&#8230;<\/p>\n<p align=\"justify\">Ein bisschen kann man ihn sogar durch die Windschutzbrille erkennen.<\/p>\n<p align=\"justify\">Sein Handzeichen mag aussagen, dass er mit dem Tag und Sophies Leistungen zufrieden war.<a href=\"https:\/\/www.miss-sophie.org\/wp-content\/uploads\/2013\/08\/nouse3_180.jpg\"><img loading=\"lazy\" decoding=\"async\" style=\"background-image: none; float: right; padding-top: 0px; padding-left: 0px; display: inline; padding-right: 0px; border-width: 0px;\" title=\"nouse3_180\" alt=\"nouse3_180\" src=\"https:\/\/www.miss-sophie.org\/wp-content\/uploads\/2013\/08\/nouse3_180_thumb.jpg\" width=\"215\" height=\"149\" align=\"right\" border=\"0\" hspace=\"0\" \/><\/a><\/p>\n<p align=\"justify\">Diesen Blick \u00fcber die Nase einer Tiger Moth sieht \u00fcbrigens nur eine hochgehaltene Kamera. Ansonsten sehen weder Pilot noch Copilot direkt nach vorne, sondern m\u00fcssen seitlich nach vorne blicken, &#8230;<\/p>\n<p align=\"justify\">&#8230; und das sieht dann in etwa so aus!<\/p>\n<p align=\"justify\">H\u00e4h\u00e4&#8230;, ich glaube man sieht mir meine Verz\u00fcckung <a href=\"https:\/\/www.miss-sophie.org\/wp-content\/uploads\/2013\/08\/kw_6_180.jpg\"><img loading=\"lazy\" decoding=\"async\" style=\"background-image: none; float: left; padding-top: 0px; padding-left: 0px; display: inline; padding-right: 0px; border-width: 0px;\" title=\"kw_6_180\" alt=\"kw_6_180\" src=\"https:\/\/www.miss-sophie.org\/wp-content\/uploads\/2013\/08\/kw_6_180_thumb.jpg\" width=\"215\" height=\"150\" align=\"left\" border=\"0\" hspace=\"0\" \/><\/a>ob des Fluges an, oder?<\/p>\n<p align=\"justify\">Das liegt nat\u00fcrlich auch an der wundersch\u00f6nen Landschaft, die wir \u00fcberflogen&#8230; z.B. dieses Waldgebiet und sp\u00e4ter vorbei an der Wasserkuppe.<\/p>\n<p align=\"justify\">Vertraute Sehensw\u00fcrdigkeiten wirken auch aus der Luft imposant.<\/p>\n<p align=\"justify\"><a href=\"https:\/\/www.miss-sophie.org\/wp-content\/uploads\/2013\/08\/schloss2_180.jpg\"><img loading=\"lazy\" decoding=\"async\" style=\"background-image: none; float: right; padding-top: 0px; padding-left: 0px; display: inline; padding-right: 0px; border-width: 0px;\" title=\"schloss2_180\" alt=\"schloss2_180\" src=\"https:\/\/www.miss-sophie.org\/wp-content\/uploads\/2013\/08\/schloss2_180_thumb.jpg\" width=\"215\" height=\"150\" align=\"right\" border=\"0\" hspace=\"0\" \/><\/a>&#8230; wie diese Schlossanlage nahe Bamberg. wer wei\u00df wie Sie hei\u00dft?<\/p>\n<p align=\"justify\">Ebern&#8230; unser geplantes Zwischenziel. Leider tote Hose! Der Platz sieht geschlossen aus und der Tower meldet sich auch nicht auf unseren Anruf. Wir beraten kurz und beschlie\u00dfen, nach Lauf-Lillinghof <a href=\"https:\/\/www.miss-sophie.org\/wp-content\/uploads\/2013\/08\/ebern_180.jpg\"><img loading=\"lazy\" decoding=\"async\" style=\"background-image: none; float: left; padding-top: 0px; padding-left: 0px; display: inline; padding-right: 0px; border-width: 0px;\" title=\"ebern_180\" alt=\"ebern_180\" src=\"https:\/\/www.miss-sophie.org\/wp-content\/uploads\/2013\/08\/ebern_180_thumb.jpg\" width=\"215\" height=\"157\" align=\"left\" border=\"0\" hspace=\"1\" \/><\/a>zur\u00fcck zu fliegen und unseren Flug dort zu beenden.<\/p>\n<p align=\"justify\">Also weiter zum Lillinghof, dem Ausgangspunkt und Zielpunkt unserer Reise, wo ein f\u00fcr mich unvergessliches Flugabenteuer sein Ende findet.<\/p>\n<p align=\"justify\"><b><a href=\"https:\/\/www.miss-sophie.org\/wp-content\/uploads\/2013\/08\/blickrechts_180.jpg\"><img loading=\"lazy\" decoding=\"async\" style=\"background-image: none; float: right; padding-top: 0px; padding-left: 0px; display: inline; padding-right: 0px; border-width: 0px;\" title=\"blickrechts_180\" alt=\"blickrechts_180\" src=\"https:\/\/www.miss-sophie.org\/wp-content\/uploads\/2013\/08\/blickrechts_180_thumb.jpg\" width=\"215\" height=\"152\" align=\"right\" border=\"0\" \/><\/a><\/b>Doch merket all Ihr Flugbegeisterten:<\/p>\n<p align=\"justify\">Steigt nie an einem k\u00fchlen Sonntagmorgen ohne Handschuhe in einen Doppeldecker ein!<\/p>\n<p align=\"justify\"><a href=\"https:\/\/www.miss-sophie.org\/wp-content\/uploads\/2013\/08\/kow_180.jpg\"><img loading=\"lazy\" decoding=\"async\" style=\"background-image: none; float: none; padding-top: 0px; padding-left: 0px; margin-left: auto; display: block; padding-right: 0px; margin-right: auto; border-width: 0px;\" title=\"kow_180\" alt=\"kow_180\" src=\"https:\/\/www.miss-sophie.org\/wp-content\/uploads\/2013\/08\/kow_180_thumb.jpg\" width=\"170\" height=\"215\" border=\"0\" \/><\/a><\/p>\n<p align=\"center\"><a href=\"http:\/\/www.kurt-woerl.de\/\">Kurt O. W\u00f6rl<\/a><\/p>\n","protected":false},"excerpt":{"rendered":"<p>Ein fotografischer Reisebericht von Kurt O. W\u00f6rl: Das war eine gro\u00dfe Freude, als mich einer der Eigent\u00fcmer von &#8222;Miss Sophie&#8220;, n\u00e4mlich Thomas Pl\u00f6dt, einlud, mit zu einem Oldtimertreffen und Flugtag nach Schameder zu fliegen, nat\u00fcrlich mit &#8222;Miss Sophie&#8220;. Sonntagmorgen, auf dem Flugplatz Lauf-Lillinghof: Thomas hat das gute alte &#8222;M\u00e4dchen&#8220; bereits am Vortag aus Rosenthal (dem &hellip; <a class=\"read-excerpt\" href=\"https:\/\/www.miss-sophie.org\/?page_id=187\">Weiterlesen <span class=\"meta-nav\">&raquo;<\/span><\/a><\/p>\n","protected":false},"author":2,"featured_media":0,"parent":0,"menu_order":0,"comment_status":"closed","ping_status":"open","template":"","meta":{"footnotes":""},"class_list":["post-187","page","type-page","status-publish","hentry"],"_links":{"self":[{"href":"https:\/\/www.miss-sophie.org\/index.php?rest_route=\/wp\/v2\/pages\/187","targetHints":{"allow":["GET"]}}],"collection":[{"href":"https:\/\/www.miss-sophie.org\/index.php?rest_route=\/wp\/v2\/pages"}],"about":[{"href":"https:\/\/www.miss-sophie.org\/index.php?rest_route=\/wp\/v2\/types\/page"}],"author":[{"embeddable":true,"href":"https:\/\/www.miss-sophie.org\/index.php?rest_route=\/wp\/v2\/users\/2"}],"replies":[{"embeddable":true,"href":"https:\/\/www.miss-sophie.org\/index.php?rest_route=%2Fwp%2Fv2%2Fcomments&post=187"}],"version-history":[{"count":2,"href":"https:\/\/www.miss-sophie.org\/index.php?rest_route=\/wp\/v2\/pages\/187\/revisions"}],"predecessor-version":[{"id":406,"href":"https:\/\/www.miss-sophie.org\/index.php?rest_route=\/wp\/v2\/pages\/187\/revisions\/406"}],"wp:attachment":[{"href":"https:\/\/www.miss-sophie.org\/index.php?rest_route=%2Fwp%2Fv2%2Fmedia&parent=187"}],"curies":[{"name":"wp","href":"https:\/\/api.w.org\/{rel}","templated":true}]}}