{"id":14,"date":"2013-08-19T16:12:38","date_gmt":"2013-08-19T15:12:38","guid":{"rendered":"http:\/\/www.miss-sophie.org\/?page_id=14"},"modified":"2023-04-16T10:41:56","modified_gmt":"2023-04-16T09:41:56","slug":"wie-alles-begann","status":"publish","type":"page","link":"https:\/\/www.miss-sophie.org\/?page_id=14","title":{"rendered":"Wie alles begann"},"content":{"rendered":"<p align=\"justify\">Eigentlich hat alles ja schon viel fr\u00fcher begonnen. An einem Pfingstfluglager-Abend am Flugplatz Lauf-Lillinghof. Aus einer Bierlaune heraus haben wir uns in Herberts Campingbus versammelt und uns vorgestellt, wie toll doch so ein alter Doppeldecker w\u00e4re. Seit diesem Abend hat uns diese Idee nicht mehr losgelassen. Bis zur Realisierung lag aber ein langer, steiniger Weg vor uns. Mit vielen Tiefschl\u00e4gen aber auch euphorischen H\u00f6hepunkten die unser Leben nachhaltig ver\u00e4nderten. Obwohl noch keiner von uns dreien je einen Doppeldecker geflogen ist, waren wir uns einig, es musste eine Tiger Moth sein.<\/p>\n<h3 align=\"justify\"><em><b>Irgendwann im Fliegerleben muss man einen Strich ziehen und seinen Kurs bestimmen.<\/b><\/em><\/h3>\n<p align=\"justify\"><img loading=\"lazy\" decoding=\"async\" class=\" wp-image-768 alignleft\" src=\"https:\/\/www.miss-sophie.org\/wp-content\/uploads\/IMG_6370-300x225.jpg\" alt=\"\" width=\"363\" height=\"272\" srcset=\"https:\/\/www.miss-sophie.org\/wp-content\/uploads\/IMG_6370-300x225.jpg 300w, https:\/\/www.miss-sophie.org\/wp-content\/uploads\/IMG_6370-1024x768.jpg 1024w, https:\/\/www.miss-sophie.org\/wp-content\/uploads\/IMG_6370-768x576.jpg 768w, https:\/\/www.miss-sophie.org\/wp-content\/uploads\/IMG_6370-1536x1152.jpg 1536w, https:\/\/www.miss-sophie.org\/wp-content\/uploads\/IMG_6370-2048x1536.jpg 2048w\" sizes=\"auto, (max-width: 363px) 100vw, 363px\" \/>Und so begannen wir die sp\u00e4rlich vorhandene Literatur zu studieren und sogar Modelle zu bauen. Das Internet war damals noch nicht sehr hilfreich.<\/p>\n<p align=\"justify\">Irgendwann haben wir dann erfahren, dass im Deutschen Museum in Oberschlei\u00dfheim eine Tiger Motte steht. Wir haben uns sofort mit dem Besitzer verabredet und durften in den Ausstellungsr\u00e4umen unsere allererste Sitzprobe machen. Hartmut, der Besitzer des Oldtimers, hat uns noch von einem englischen Club erz\u00e4hlt der uns beim Kauf einer &#8222;Motte&#8220; unerst\u00fctzen k\u00f6nnte. Kurze Zeit sp\u00e4ter wurden wir Mitglied im renommierten <strong><em>DeHavilland Moth Club<\/em><\/strong>. Unaufgefordert stand einige Wochen sp\u00e4ter unsere erste Anzeige in der Vereinszeitschrift. Neben Angeboten aus England, Australien und Neuseeland hat sich auch ein Holl\u00e4nder gemeldet. Chris Roggenven. Claudio, der damals beruflich in Jakarta lebte, konnte ein paar Tage frei nehmen und so sind wir Anfang 1998 ins holl\u00e4ndische Middelburg gereist. Standesgem\u00e4\u00df mit der Zweimot.<\/p>\n<p align=\"justify\">Was wir dort vorfanden sah allerdings ganz anders aus, die blank polierte rote Tiger Moth aus dem Museum. Wir fanden im hintersten Halleneck ein altes heruntergekommenes und verstaubtes Flugzeug vor. Aber als wir sie dann aus dem Hangar geschoben haben und der Motor sofort ansprang und ganz manierlich lief, haben wir uns doch sehr schnell mit der alten Dame angefreundet.<\/p>\n<p align=\"justify\">F\u00fcr den Preis den man f\u00fcr so eine alte Lady hinlegen muss bekommt man locker ein modernes gebrauchtes Reiseflugzeug. Aber wir wollten es ja nicht anders. Und so haben wir nach anstrengenden Verhandlungen per Handschlag den Kauf besiegelt. Wir haben es bis heute nicht bereut.<\/p>\n<div id=\"attachment_839\" style=\"width: 403px\" class=\"wp-caption aligncenter\"><img loading=\"lazy\" decoding=\"async\" aria-describedby=\"caption-attachment-839\" class=\"wp-image-839 \" src=\"https:\/\/www.miss-sophie.org\/wp-content\/uploads\/iPhone-6s18710_Repaired-e1681637586960-300x195.jpg\" alt=\"\" width=\"393\" height=\"255\" srcset=\"https:\/\/www.miss-sophie.org\/wp-content\/uploads\/iPhone-6s18710_Repaired-e1681637586960-300x195.jpg 300w, https:\/\/www.miss-sophie.org\/wp-content\/uploads\/iPhone-6s18710_Repaired-e1681637586960-1024x666.jpg 1024w, https:\/\/www.miss-sophie.org\/wp-content\/uploads\/iPhone-6s18710_Repaired-e1681637586960-768x500.jpg 768w, https:\/\/www.miss-sophie.org\/wp-content\/uploads\/iPhone-6s18710_Repaired-e1681637586960.jpg 1234w\" sizes=\"auto, (max-width: 393px) 100vw, 393px\" \/><p id=\"caption-attachment-839\" class=\"wp-caption-text\">Vorbesitzer Chris (links im Bild)<\/p><\/div>\n<p align=\"justify\">Zwei Wochen sp\u00e4ter sind Herbert und ich dann wieder nach Holland gereist, um unsere Einweisung zu machen und den Flieger abzuholen. Nach einer mehr als d\u00fcrftigen Einweisung ging es mit sp\u00e4rlichem IFR-Kartenmaterial Richtung Heimat. Als nach zehn Minuten unser einziges GPS ausfiel wurde die Reise zum richtigen Abenteuer. Wenig sp\u00e4ter beschleunigte der Zeiger des H\u00f6henmessers auf Propellerdrehzahl. Leider konnten diese Informationen nicht von einem Cockpit zum Anderen ausgetauscht werden, da auch das Intercom nicht richtig funktionierte. Nachdem der Flieger auch noch mehr Sprit soff als wir angenommen haben, mussten wir bereits kurz nach der holl\u00e4ndischen Grenze in Aachen-Merzbr\u00fcck landen. Ohne Funkverbindung und ohne Kenntnis der Platzrunde. Zum Gl\u00fcck kann sich eine Oldtimercrew einiges erlauben. Mit 20 DM in die Kaffeekasse waren unsere S\u00fcnden verziehen.<\/p>\n<p align=\"justify\">Der Anlassvorgang nach dem Tankstopp kostete eine Menge Schwei\u00df und einige Tropfen Blut. Weiter ging es nach Gelnhausen wo wir zu nachtschlafender Zeit einschwebten. Hier war die Reise zuerst einmal beendet.<\/p>\n<p align=\"justify\">Gert und Manfred zeigten uns noch das Gelnhausener Nachtleben und wie es sich mit 240 km\/h im offenen Porsche reisen l\u00e4sst. Wenn man die Kopfschmerzen, \u00dcbelkeit, \u00dcberm\u00fcdung und das ungewohnte Ohrensausen mal au\u00dfer Acht l\u00e4sst, dann waren die restlichen 250 km am n\u00e4chsten Tag nur noch ein Katzensprung. Unser Flieger war endlich zu Hause. In seiner neuen Heimat Rosenthal Field Pl\u00f6ssen EDQP.<\/p>\n","protected":false},"excerpt":{"rendered":"<p>Eigentlich hat alles ja schon viel fr\u00fcher begonnen. An einem Pfingstfluglager-Abend am Flugplatz Lauf-Lillinghof. Aus einer Bierlaune heraus haben wir uns in Herberts Campingbus versammelt und uns vorgestellt, wie toll doch so ein alter Doppeldecker w\u00e4re. Seit diesem Abend hat uns diese Idee nicht mehr losgelassen. Bis zur Realisierung lag aber ein langer, steiniger Weg &hellip; <a class=\"read-excerpt\" href=\"https:\/\/www.miss-sophie.org\/?page_id=14\">Weiterlesen <span class=\"meta-nav\">&raquo;<\/span><\/a><\/p>\n","protected":false},"author":3,"featured_media":0,"parent":0,"menu_order":2,"comment_status":"closed","ping_status":"closed","template":"","meta":{"footnotes":""},"class_list":["post-14","page","type-page","status-publish","hentry"],"_links":{"self":[{"href":"https:\/\/www.miss-sophie.org\/index.php?rest_route=\/wp\/v2\/pages\/14","targetHints":{"allow":["GET"]}}],"collection":[{"href":"https:\/\/www.miss-sophie.org\/index.php?rest_route=\/wp\/v2\/pages"}],"about":[{"href":"https:\/\/www.miss-sophie.org\/index.php?rest_route=\/wp\/v2\/types\/page"}],"author":[{"embeddable":true,"href":"https:\/\/www.miss-sophie.org\/index.php?rest_route=\/wp\/v2\/users\/3"}],"replies":[{"embeddable":true,"href":"https:\/\/www.miss-sophie.org\/index.php?rest_route=%2Fwp%2Fv2%2Fcomments&post=14"}],"version-history":[{"count":13,"href":"https:\/\/www.miss-sophie.org\/index.php?rest_route=\/wp\/v2\/pages\/14\/revisions"}],"predecessor-version":[{"id":843,"href":"https:\/\/www.miss-sophie.org\/index.php?rest_route=\/wp\/v2\/pages\/14\/revisions\/843"}],"wp:attachment":[{"href":"https:\/\/www.miss-sophie.org\/index.php?rest_route=%2Fwp%2Fv2%2Fmedia&parent=14"}],"curies":[{"name":"wp","href":"https:\/\/api.w.org\/{rel}","templated":true}]}}