{"id":135,"date":"2013-08-19T18:17:05","date_gmt":"2013-08-19T16:17:05","guid":{"rendered":"http:\/\/www.miss-sophie.org\/?page_id=135"},"modified":"2013-08-20T14:51:12","modified_gmt":"2013-08-20T12:51:12","slug":"ber-die-alpen","status":"publish","type":"page","link":"https:\/\/www.miss-sophie.org\/?page_id=135","title":{"rendered":"&Uuml;ber die Alpen"},"content":{"rendered":"<p align=\"justify\"><a href=\"https:\/\/www.miss-sophie.org\/wp-content\/uploads\/2013\/08\/alpen6_1801.jpg\"><img loading=\"lazy\" decoding=\"async\" style=\"background-image: none; float: right; padding-top: 0px; padding-left: 0px; display: inline; padding-right: 0px; border: 0px;\" title=\"alpen6_180\" alt=\"alpen6_180\" src=\"https:\/\/www.miss-sophie.org\/wp-content\/uploads\/2013\/08\/alpen6_180_thumb1.jpg\" width=\"215\" height=\"155\" align=\"right\" border=\"0\" hspace=\"0\" \/><\/a>Eigentlich ein Furcht erregendes Wetter das uns der M\u00fcnchner Meteorologe f\u00fcr den heutigen Tag prophezeite. Aber jetzt hatten wir schon mal Urlaub genommen und alles genauestens geplant, jetzt fliegen wir auch los. Wenigstens bis zu unserem ersten Etappenziel wird das Wetter doch noch mitspielen. Und so starteten wir am 20. August gegen halb zehn Uhr vom Lillinghof aus mit dem ersten Ziel Landshut.<\/p>\n<p align=\"justify\">Wir, das sind Wolfram und Roland mit der &#8222;Olga&#8220;. Einer Tecnam P92. Helmut mit seinem &#8222;Erdnussr\u00f6ster&#8220; Emeraude und Herbert und ich mit der Motte.<\/p>\n<p align=\"justify\"><a href=\"https:\/\/www.miss-sophie.org\/wp-content\/uploads\/2013\/08\/alpen5_180_thumb1.jpg\"><img loading=\"lazy\" decoding=\"async\" style=\"background-image: none; float: left; padding-top: 0px; padding-left: 0px; display: inline; padding-right: 0px; border: 0px;\" title=\"alpen5_180_thumb[1]\" alt=\"alpen5_180_thumb[1]\" src=\"https:\/\/www.miss-sophie.org\/wp-content\/uploads\/2013\/08\/alpen5_180_thumb1_thumb.jpg\" width=\"215\" height=\"154\" align=\"left\" border=\"0\" hspace=\"0\" \/><\/a>Bis Landshut lief es tats\u00e4chlich vollkommen reibungslos. Der &#8222;T\u00fcrmer&#8220; lie\u00df uns trotz vieler Bedenken neben der Piste auf Gras landen. Mit dem Schleifsporn ist es weitaus kritischer bei Seitenwind auf Asphalt zu landen als ins hohe Gras zu gehen.<\/p>\n<p align=\"justify\">Das Wetter erschien uns noch brauchbar f\u00fcr den zweiten Teil unserer Reise und so wurde eiligst die Motte betankt und die vergessene Versicherung f\u00fcr \u00d6sterreich angefordert. Die lag auch prompt zehn Minuten sp\u00e4ter per Fax vor.<\/p>\n<p align=\"justify\"><a href=\"https:\/\/www.miss-sophie.org\/wp-content\/uploads\/2013\/08\/alpen3_180_thumb1.jpg\"><img loading=\"lazy\" decoding=\"async\" style=\"background-image: none; float: right; padding-top: 0px; padding-left: 0px; display: inline; padding-right: 0px; border: 0px;\" title=\"alpen3_180_thumb[1]\" alt=\"alpen3_180_thumb[1]\" src=\"https:\/\/www.miss-sophie.org\/wp-content\/uploads\/2013\/08\/alpen3_180_thumb1_thumb.jpg\" width=\"215\" height=\"153\" align=\"right\" border=\"0\" hspace=\"0\" \/><\/a>Nach dem Start mussten wir feststellen, dass der Meteorologe doch nicht ganz so unrecht hatte. Es begann zu regnen und die Basis sank merklich ab. Der Direktflug nach Zell am See war durch die niedrige Wolkenh\u00f6he unm\u00f6glich geworden und wir entschlossen uns vom vor uns liegenden Chiemsee aus \u00fcber Rosenheim ins Inntal einzufliegen. In dieser Gegend bin ich nicht ganz ortsfremd. Die Ausweichpl\u00e4tze Kufstein und St. Johann sind mir vom Segelflug her gut bekannt. Aber der Flug in den T\u00e4lern, vorbei am wilden Kaiser, verlief eigentlich sehr gut und wir konnten bis zum zweiten <a href=\"https:\/\/www.miss-sophie.org\/wp-content\/uploads\/2013\/08\/alpen2_180_thumb1.jpg\"><img loading=\"lazy\" decoding=\"async\" style=\"background-image: none; float: left; padding-top: 0px; padding-left: 0px; display: inline; padding-right: 0px; border: 0px;\" title=\"alpen2_180_thumb[1]\" alt=\"alpen2_180_thumb[1]\" src=\"https:\/\/www.miss-sophie.org\/wp-content\/uploads\/2013\/08\/alpen2_180_thumb1_thumb.jpg\" width=\"215\" height=\"152\" align=\"left\" border=\"0\" hspace=\"0\" \/><\/a>Etappenziel weiterfliegen. Dort angekommen war vorerst einmal Feierabend. Es goss die halbe Nacht wie aus Eimern und die Wolken lagen beinahe auf dem See auf.<\/p>\n<p align=\"justify\">Dank der hilfsbereiten Fliegerkameraden aus Zell am See konnten wir alle drei Maschinen in der Halle unterbringen.<\/p>\n<p align=\"justify\">Auch am n\u00e4chsten Morgen hielt sich das schlechte Wetter in den Bergen. Um die Mittagszeit befragten wir den Meteorologen ob heute noch ein Alpen\u00fcberflug m\u00f6glich sei. An der Gro\u00dfglockner Hochalpenstra\u00dfe war es aussichtslos. Ebenso \u00fcber das Gasteinertal. Wenn \u00fcberhaupt, dann \u00fcber den Tauernpass. <a href=\"https:\/\/www.miss-sophie.org\/wp-content\/uploads\/2013\/08\/alpen7_180_thumb1.jpg\"><img loading=\"lazy\" decoding=\"async\" style=\"background-image: none; float: right; padding-top: 0px; padding-left: 0px; display: inline; padding-right: 0px; border: 0px;\" title=\"alpen7_180_thumb[1]\" alt=\"alpen7_180_thumb[1]\" src=\"https:\/\/www.miss-sophie.org\/wp-content\/uploads\/2013\/08\/alpen7_180_thumb1_thumb.jpg\" width=\"215\" height=\"152\" align=\"right\" border=\"0\" hspace=\"0\" \/><\/a>Der Wetterfrosch konnte allerdings keine genauen Angaben machen und schlug uns vor, es einfach mal zu probieren. S\u00fcdlich des Hauptkammes sei das Wetter jedenfalls merklich besser.<\/p>\n<p align=\"justify\">Also starteten wir bei str\u00f6mendem Regen Richtung dritten Etappenziel, dem Flugplatz N\u00f6tsch, entgegen.<\/p>\n<p align=\"justify\">Noch einmal muss ich einen solchen Flug eigentlich nicht mehr machen. Unter uns &#8222;unlandbares&#8220; Gel\u00e4nde, links und rechts felsige Bergh\u00e4nge. Oben, links, rechts und unten Regenwolken. Die schlechte Sicht aus der Motte wurde durch das tr\u00fcbe <a href=\"https:\/\/www.miss-sophie.org\/wp-content\/uploads\/2013\/08\/alpen4_180_thumb1.jpg\"><img loading=\"lazy\" decoding=\"async\" style=\"background-image: none; float: left; padding-top: 0px; padding-left: 0px; display: inline; padding-right: 0px; border: 0px;\" title=\"alpen4_180_thumb[1]\" alt=\"alpen4_180_thumb[1]\" src=\"https:\/\/www.miss-sophie.org\/wp-content\/uploads\/2013\/08\/alpen4_180_thumb1_thumb.jpg\" width=\"215\" height=\"168\" align=\"left\" border=\"0\" hspace=\"0\" \/><\/a>Wetter noch deutlich verschlechtert. In S-Kurven schl\u00e4ngelten wir uns in 7000 ft. dem heller werdenden Horizont entgegen.<\/p>\n<p align=\"justify\">Zum Gl\u00fcck hatte der Meteorologe recht. Ab Nieder\u00f6blan wurde das Wetter zusehends besser und wir konnten den Rest der Reise richtig genie\u00dfen. In N\u00f6tsch mussten wir ohne Anflugblatt zurecht kommen, da sich mal wieder einige Unterlagen auf nimmer wiedersehen aus dem offenen Cockpit verabschiedet hatten.<\/p>\n<p align=\"justify\">Nach dem Tankstopp ging es auf den letzten Teil der Reise. \u00dcber Arnoldstein und Tarviso bis zum Flugplatz Osoppo nordwestlich Udine. <a href=\"https:\/\/www.miss-sophie.org\/wp-content\/uploads\/2013\/08\/alpen1_180_thumb1.jpg\"><img loading=\"lazy\" decoding=\"async\" style=\"background-image: none; float: right; padding-top: 0px; padding-left: 0px; display: inline; padding-right: 0px; border: 0px;\" title=\"alpen1_180_thumb[1]\" alt=\"alpen1_180_thumb[1]\" src=\"https:\/\/www.miss-sophie.org\/wp-content\/uploads\/2013\/08\/alpen1_180_thumb1_thumb.jpg\" width=\"215\" height=\"169\" align=\"right\" border=\"0\" hspace=\"0\" \/><\/a>Wir folgten dem Flusslauf des Tagliamento in niedriger H\u00f6he. Die engen T\u00e4ler waren auf einmal nicht mehr st\u00f6rend, sondern wurden als Slalomstrecke umfunktioniert. Und pl\u00f6tzlich nach einer dieser endlosen Biegungen lag vor uns eine weite Ebene.<\/p>\n<p align=\"justify\">Wir sind durch! Hurra! Wir haben die Alpen durchquert! Es war ein unbeschreibliches Gl\u00fccksgef\u00fchl. Wir kamen uns vor als h\u00e4tten wir irgend einen Weltrekord errungen. Die Freude stand Herbert im Gesicht geschrieben als dieses Foto entstand.<\/p>\n<p align=\"center\"><strong><span style=\"color: #ccb400; font-size: x-large;\">Geschafft!!!<\/span><\/strong><\/p>\n<p align=\"justify\"><a href=\"https:\/\/www.miss-sophie.org\/wp-content\/uploads\/2013\/08\/alpen8_thumb2.jpg\"><img loading=\"lazy\" decoding=\"async\" style=\"background-image: none; float: none; padding-top: 0px; padding-left: 0px; margin-left: auto; display: block; padding-right: 0px; margin-right: auto; border: 0px;\" title=\"alpen8_thumb[2]\" alt=\"alpen8_thumb[2]\" src=\"https:\/\/www.miss-sophie.org\/wp-content\/uploads\/2013\/08\/alpen8_thumb2_thumb.jpg\" width=\"485\" height=\"336\" border=\"0\" \/><\/a><\/p>\n","protected":false},"excerpt":{"rendered":"<p>Eigentlich ein Furcht erregendes Wetter das uns der M\u00fcnchner Meteorologe f\u00fcr den heutigen Tag prophezeite. Aber jetzt hatten wir schon mal Urlaub genommen und alles genauestens geplant, jetzt fliegen wir auch los. Wenigstens bis zu unserem ersten Etappenziel wird das Wetter doch noch mitspielen. Und so starteten wir am 20. August gegen halb zehn Uhr &hellip; <a class=\"read-excerpt\" href=\"https:\/\/www.miss-sophie.org\/?page_id=135\">Weiterlesen <span class=\"meta-nav\">&raquo;<\/span><\/a><\/p>\n","protected":false},"author":3,"featured_media":0,"parent":0,"menu_order":17,"comment_status":"closed","ping_status":"open","template":"","meta":{"footnotes":""},"class_list":["post-135","page","type-page","status-publish","hentry"],"_links":{"self":[{"href":"https:\/\/www.miss-sophie.org\/index.php?rest_route=\/wp\/v2\/pages\/135","targetHints":{"allow":["GET"]}}],"collection":[{"href":"https:\/\/www.miss-sophie.org\/index.php?rest_route=\/wp\/v2\/pages"}],"about":[{"href":"https:\/\/www.miss-sophie.org\/index.php?rest_route=\/wp\/v2\/types\/page"}],"author":[{"embeddable":true,"href":"https:\/\/www.miss-sophie.org\/index.php?rest_route=\/wp\/v2\/users\/3"}],"replies":[{"embeddable":true,"href":"https:\/\/www.miss-sophie.org\/index.php?rest_route=%2Fwp%2Fv2%2Fcomments&post=135"}],"version-history":[{"count":3,"href":"https:\/\/www.miss-sophie.org\/index.php?rest_route=\/wp\/v2\/pages\/135\/revisions"}],"predecessor-version":[{"id":148,"href":"https:\/\/www.miss-sophie.org\/index.php?rest_route=\/wp\/v2\/pages\/135\/revisions\/148"}],"wp:attachment":[{"href":"https:\/\/www.miss-sophie.org\/index.php?rest_route=%2Fwp%2Fv2%2Fmedia&parent=135"}],"curies":[{"name":"wp","href":"https:\/\/api.w.org\/{rel}","templated":true}]}}