{"id":1046,"date":"2026-04-16T19:21:04","date_gmt":"2026-04-16T18:21:04","guid":{"rendered":"https:\/\/www.miss-sophie.org\/?page_id=1046"},"modified":"2026-04-16T19:21:04","modified_gmt":"2026-04-16T18:21:04","slug":"weitere-geburtstage-die-unrunden","status":"publish","type":"page","link":"https:\/\/www.miss-sophie.org\/?page_id=1046","title":{"rendered":"Weitere Geburtstage. Die &#8222;Unrunden&#8220;"},"content":{"rendered":"\n<p class=\"has-text-align-center\"><strong><em>16. April 2026. Sophies 87ter Geburtstag<\/em><\/strong><\/p>\n\n\n\n<figure class=\"wp-block-image size-large\"><img loading=\"lazy\" decoding=\"async\" width=\"1024\" height=\"504\" src=\"https:\/\/www.miss-sophie.org\/wp-content\/uploads\/IMG_2998-1-1024x504.jpg\" alt=\"\" class=\"wp-image-1053\" srcset=\"https:\/\/www.miss-sophie.org\/wp-content\/uploads\/IMG_2998-1-1024x504.jpg 1024w, https:\/\/www.miss-sophie.org\/wp-content\/uploads\/IMG_2998-1-300x148.jpg 300w, https:\/\/www.miss-sophie.org\/wp-content\/uploads\/IMG_2998-1-768x378.jpg 768w, https:\/\/www.miss-sophie.org\/wp-content\/uploads\/IMG_2998-1-1536x755.jpg 1536w, https:\/\/www.miss-sophie.org\/wp-content\/uploads\/IMG_2998-1-2048x1007.jpg 2048w\" sizes=\"auto, (max-width: 1024px) 100vw, 1024px\" \/><\/figure>\n\n\n\n<p>Um 15:00 Uhr Localzeit ist die gesamte Crew zur Geburtstagsfeier angetreten. Die Temperaturen waren ganz ertr\u00e4glich. Auch Sichten und Basish\u00f6he passten. Selbst der Wind hatte ein Einsehen. Wenn wir nur nicht auch alle Jahre immer \u00e4lter werden, dann h\u00e4tten wir glatt ein Geburtstags-St\u00e4rtchen gewagt. Aber so fand die Feierlichkeit am Vorfeld statt.<\/p>\n\n\n\n<figure class=\"wp-block-image size-large\"><img loading=\"lazy\" decoding=\"async\" width=\"1024\" height=\"681\" src=\"https:\/\/www.miss-sophie.org\/wp-content\/uploads\/NKSA2512-1024x681.jpg\" alt=\"\" class=\"wp-image-1049\" srcset=\"https:\/\/www.miss-sophie.org\/wp-content\/uploads\/NKSA2512-1024x681.jpg 1024w, https:\/\/www.miss-sophie.org\/wp-content\/uploads\/NKSA2512-300x199.jpg 300w, https:\/\/www.miss-sophie.org\/wp-content\/uploads\/NKSA2512-768x511.jpg 768w, https:\/\/www.miss-sophie.org\/wp-content\/uploads\/NKSA2512-1536x1021.jpg 1536w, https:\/\/www.miss-sophie.org\/wp-content\/uploads\/NKSA2512.jpg 1973w\" sizes=\"auto, (max-width: 1024px) 100vw, 1024px\" \/><\/figure>\n\n\n\n<p>K\u00e4ffchen, selbstgebackener Kuchen, Nu\u00dfzopf, Salzgeb\u00e4ck, Champus mit Kirsch. Es fehlte mal wieder an Nichts. <strong><em>Cheerio Miss Sophie<\/em><\/strong>. Auf die n\u00e4chsten Jahre und noch viele sch\u00f6ne Fl\u00fcge und viele sch\u00f6ne Stunden in und vor Deiner Halle.<\/p>\n\n\n\n<figure class=\"wp-block-image size-large\"><img loading=\"lazy\" decoding=\"async\" width=\"576\" height=\"1024\" src=\"https:\/\/www.miss-sophie.org\/wp-content\/uploads\/ACDJ1826-576x1024.jpg\" alt=\"\" class=\"wp-image-1054\" srcset=\"https:\/\/www.miss-sophie.org\/wp-content\/uploads\/ACDJ1826-576x1024.jpg 576w, https:\/\/www.miss-sophie.org\/wp-content\/uploads\/ACDJ1826-169x300.jpg 169w, https:\/\/www.miss-sophie.org\/wp-content\/uploads\/ACDJ1826-768x1365.jpg 768w, https:\/\/www.miss-sophie.org\/wp-content\/uploads\/ACDJ1826-864x1536.jpg 864w, https:\/\/www.miss-sophie.org\/wp-content\/uploads\/ACDJ1826.jpg 1152w\" sizes=\"auto, (max-width: 576px) 100vw, 576px\" \/><\/figure>\n\n\n\n<p><\/p>\n\n\n\n<p><\/p>\n\n\n\n<p class=\"has-text-align-center\"><strong>Ein Jahr zuvor. Selber Ort, selber Tag<\/strong>.<\/p>\n\n\n<div class=\"wp-block-image\">\n<figure class=\"alignleft size-large is-resized\"><img loading=\"lazy\" decoding=\"async\" width=\"648\" height=\"1024\" src=\"https:\/\/www.miss-sophie.org\/wp-content\/uploads\/IMG_E3001-648x1024.jpg\" alt=\"\" class=\"wp-image-1050\" style=\"aspect-ratio:0.63281503998609;width:698px;height:auto\" srcset=\"https:\/\/www.miss-sophie.org\/wp-content\/uploads\/IMG_E3001-648x1024.jpg 648w, https:\/\/www.miss-sophie.org\/wp-content\/uploads\/IMG_E3001-190x300.jpg 190w, https:\/\/www.miss-sophie.org\/wp-content\/uploads\/IMG_E3001-768x1213.jpg 768w, https:\/\/www.miss-sophie.org\/wp-content\/uploads\/IMG_E3001-973x1536.jpg 973w, https:\/\/www.miss-sophie.org\/wp-content\/uploads\/IMG_E3001.jpg 1290w\" sizes=\"auto, (max-width: 648px) 100vw, 648px\" \/><figcaption class=\"wp-element-caption\">Screenshot<\/figcaption><\/figure>\n<\/div>\n\n\n<figure class=\"wp-block-image size-large\"><img loading=\"lazy\" decoding=\"async\" width=\"662\" height=\"1024\" src=\"https:\/\/www.miss-sophie.org\/wp-content\/uploads\/IMG_E3002-662x1024.jpg\" alt=\"\" class=\"wp-image-1051\" srcset=\"https:\/\/www.miss-sophie.org\/wp-content\/uploads\/IMG_E3002-662x1024.jpg 662w, https:\/\/www.miss-sophie.org\/wp-content\/uploads\/IMG_E3002-194x300.jpg 194w, https:\/\/www.miss-sophie.org\/wp-content\/uploads\/IMG_E3002-768x1188.jpg 768w, https:\/\/www.miss-sophie.org\/wp-content\/uploads\/IMG_E3002-993x1536.jpg 993w, https:\/\/www.miss-sophie.org\/wp-content\/uploads\/IMG_E3002.jpg 1290w\" sizes=\"auto, (max-width: 662px) 100vw, 662px\" \/><figcaption class=\"wp-element-caption\">Screenshot<\/figcaption><\/figure>\n","protected":false},"excerpt":{"rendered":"<p>16. April 2026. Sophies 87ter Geburtstag Um 15:00 Uhr Localzeit ist die gesamte Crew zur Geburtstagsfeier angetreten. Die Temperaturen waren ganz ertr\u00e4glich. Auch Sichten und Basish\u00f6he passten. Selbst der Wind hatte ein Einsehen. Wenn wir nur nicht auch alle Jahre immer \u00e4lter werden, dann h\u00e4tten wir glatt ein Geburtstags-St\u00e4rtchen gewagt. Aber so fand die Feierlichkeit &hellip; <a class=\"read-excerpt\" href=\"https:\/\/www.miss-sophie.org\/?page_id=1046\">Weiterlesen <span class=\"meta-nav\">&raquo;<\/span><\/a><\/p>\n","protected":false},"author":3,"featured_media":0,"parent":0,"menu_order":0,"comment_status":"closed","ping_status":"closed","template":"","meta":{"footnotes":""},"class_list":["post-1046","page","type-page","status-publish","hentry"],"_links":{"self":[{"href":"https:\/\/www.miss-sophie.org\/index.php?rest_route=\/wp\/v2\/pages\/1046","targetHints":{"allow":["GET"]}}],"collection":[{"href":"https:\/\/www.miss-sophie.org\/index.php?rest_route=\/wp\/v2\/pages"}],"about":[{"href":"https:\/\/www.miss-sophie.org\/index.php?rest_route=\/wp\/v2\/types\/page"}],"author":[{"embeddable":true,"href":"https:\/\/www.miss-sophie.org\/index.php?rest_route=\/wp\/v2\/users\/3"}],"replies":[{"embeddable":true,"href":"https:\/\/www.miss-sophie.org\/index.php?rest_route=%2Fwp%2Fv2%2Fcomments&post=1046"}],"version-history":[{"count":3,"href":"https:\/\/www.miss-sophie.org\/index.php?rest_route=\/wp\/v2\/pages\/1046\/revisions"}],"predecessor-version":[{"id":1056,"href":"https:\/\/www.miss-sophie.org\/index.php?rest_route=\/wp\/v2\/pages\/1046\/revisions\/1056"}],"wp:attachment":[{"href":"https:\/\/www.miss-sophie.org\/index.php?rest_route=%2Fwp%2Fv2%2Fmedia&parent=1046"}],"curies":[{"name":"wp","href":"https:\/\/api.w.org\/{rel}","templated":true}]}}